{"id":96,"date":"2011-07-29T08:51:56","date_gmt":"2011-07-29T06:51:56","guid":{"rendered":"http:\/\/www.habakaki.de\/wordpress\/?page_id=96"},"modified":"2011-12-12T08:51:05","modified_gmt":"2011-12-12T07:51:05","slug":"jungen-b","status":"publish","type":"page","link":"http:\/\/www.habakaki.de\/wordpress\/mannschaften\/historie\/jungen\/jungen-b","title":{"rendered":"Jungen B (1995\/1996)"},"content":{"rendered":"<p>&nbsp;<\/p>\n<table border=\"0\">\n<tbody>\n<tr>\n<td>\n<p>no images were found<\/p>\n\n<\/td>\n<td>\n<p>&nbsp;<\/p>\n<p><strong><a href=\"http:\/\/www.sis-handball.de\/web\/AktuelleSeite\/default.aspx?view=AktuelleSeite&amp;Liga=001512505502514503000000000000000003000&amp;clear=1\" target=\"_blank\">SIS Spielplan und Tabelle<\/a><\/strong><\/p>\n<p>&nbsp;<\/p>\n<p><a title=\"Spielberichte Jungen B\" href=\"http:\/\/www.habakaki.de\/wordpress\/mannschaften\/jungen\/jungen-b\/spielberichte-jungen-b\"><strong>Spielberichte<\/strong><\/a><\/p>\n<p>&nbsp;<\/p>\n<p><a title=\"Torsch\u00fctzen Jungen B\" href=\"http:\/\/www.habakaki.de\/wordpress\/mannschaften\/jungen\/jungen-b\/torschutzen-jungen-b\"><strong>Torsch\u00fctzenliste<\/strong><\/a><\/p>\n<p><strong><\/strong>\u00a0<\/p>\n<p><strong>Training:<\/strong><\/p>\n<p>dienstags:19:00-20:30 Speckerfeld<\/p>\n<p>donnerstags:18:30-20:30 Speckerfeld<\/p>\n<\/td>\n<\/tr>\n<tr>\n<td>\n<p>hintere Reihe: Trainer Bj\u00f6rn Im\u00f6hl, Kevin Barbee, Niklas Kn\u00e4pper, Kai Ebus, Noel Marx, Milan Langheinrich, Frederik Rosati, Leichtathletik-Trainer Frank Wetzel, Trainer Siggi Im\u00f6hl<\/p>\n<p>vordere Reihe: Christoph M\u00f6nicks, Bj\u00f6rn Geraedts, Jonas Klingen, Steffen Hartstock, Kai Wittke, Steffen Coenen, Luca Terhaag<\/p>\n<p>es fehlt: Felix Optendrenk<\/p>\n<\/td>\n<td>\n<p><strong>\u00a0<\/strong><\/p>\n<\/td>\n<\/tr>\n<\/tbody>\n<\/table>\n<p>&nbsp;<\/p>\n","protected":false},"excerpt":{"rendered":"<p>&nbsp; &nbsp; SIS Spielplan und Tabelle &nbsp; Spielberichte &nbsp; Torsch\u00fctzenliste \u00a0 Training: dienstags:19:00-20:30 Speckerfeld donnerstags:18:30-20:30 [&hellip;]<\/p>\n","protected":false},"author":3,"featured_media":0,"parent":73,"menu_order":2,"comment_status":"closed","ping_status":"closed","template":"","meta":{"ngg_post_thumbnail":0,"gutenify_custom_css":"","gutenify_custom_css_data":""},"_links":{"self":[{"href":"http:\/\/www.habakaki.de\/wordpress\/wp-json\/wp\/v2\/pages\/96"}],"collection":[{"href":"http:\/\/www.habakaki.de\/wordpress\/wp-json\/wp\/v2\/pages"}],"about":[{"href":"http:\/\/www.habakaki.de\/wordpress\/wp-json\/wp\/v2\/types\/page"}],"author":[{"embeddable":true,"href":"http:\/\/www.habakaki.de\/wordpress\/wp-json\/wp\/v2\/users\/3"}],"replies":[{"embeddable":true,"href":"http:\/\/www.habakaki.de\/wordpress\/wp-json\/wp\/v2\/comments?post=96"}],"version-history":[{"count":23,"href":"http:\/\/www.habakaki.de\/wordpress\/wp-json\/wp\/v2\/pages\/96\/revisions"}],"predecessor-version":[{"id":1808,"href":"http:\/\/www.habakaki.de\/wordpress\/wp-json\/wp\/v2\/pages\/96\/revisions\/1808"}],"up":[{"embeddable":true,"href":"http:\/\/www.habakaki.de\/wordpress\/wp-json\/wp\/v2\/pages\/73"}],"wp:attachment":[{"href":"http:\/\/www.habakaki.de\/wordpress\/wp-json\/wp\/v2\/media?parent=96"}],"curies":[{"name":"wp","href":"https:\/\/api.w.org\/{rel}","templated":true}]}}