{"id":90,"date":"2011-07-28T17:03:54","date_gmt":"2011-07-28T15:03:54","guid":{"rendered":"http:\/\/www.habakaki.de\/wordpress\/?page_id=90"},"modified":"2013-06-07T11:50:48","modified_gmt":"2013-06-07T09:50:48","slug":"1-damen","status":"publish","type":"page","link":"http:\/\/www.habakaki.de\/wordpress\/mannschaften\/historie\/1-damen","title":{"rendered":"1. Damen 11\/12"},"content":{"rendered":"<p><span style=\"font-family: verdana,geneva; font-size: small;\"><strong>TSV Handball,\u00a0Landesliga<\/strong><\/span><\/p>\n<p><span style=\"font-family: verdana,geneva; font-size: small;\"><strong>Vorschau auf die Saison 2011\/12<\/strong><\/span><\/p>\n<p><span style=\"font-size: small;\"><span style=\"font-family: verdana,geneva;\">Mit mehreren neuen Gesichtern wird sich die Frauen-Landesligamannschaft zur neuen Saison pr\u00e4sentieren, nachdem zum Ende der vergangenen Saison bis dahin wichtige St\u00fctzpfeiler der Mannschaft ihren R\u00fccktritt angek\u00fcndigt hatten. So ging es mit dem neu\u00a0 best\u00fcckten Kader in eine sechsw\u00f6chige Vorbereitung. Da die Mannschaft bereits \u00fcber ein gut organisiertes Angriffssystem verf\u00fcgt, legte der aus D\u00fclken gekommene Trainer Ralf Beier gro\u00dfen Wert auf Konditionsarbeit und das Tempospiel. In den Vorbereitungsspielen hat das auch schon erste Fr\u00fcchte getragen. Das Abwehrverhalten des Teams bewertet Beier als gut bis sehr gut. Hinter einer aggressiven 6:0-Formation, mit den Routiniers Anke Pollozek, Anke Saulenas, Jasmin Gerhardts sowie dem Neuzugang Tine Vos (D\u00fclken), besticht die Regionalliga-erfahrene und reaktionsschnelle Anke Dimmer im Tor, die dort die verletzungsbedingt zur\u00fcckgetretene Cordula Bendlage ersetzen wird. Damit sollte ein solides Fundament in der Defensive gelegt sein. Mit den schnellen Aussenspielerinnen Helena van Horrick (D\u00fclken) und Saskia Pietralla hat man dankende Abnehmer der punktgenauen P\u00e4sse von Anke Dimmer. Ebenfalls zu erw\u00e4hnen sind die beiden A-Jugendlichen Tessa Petsche und Maren Klingen. Sie haben sich aufgrund ihrer Leistung und ihres Engagements in der Vorbereitung weit in den Vordergrund gespielt. Leider haben sich beide in der Vorbereitung verletzt und werden vermutlich zum Saisonauftakt noch nicht mitspielen k\u00f6nnen. Ebenso musste Ina Peuker aus gesundheitlichen Gr\u00fcnden kurzfristig ihr Mitwirken auf unbestimmte Zeit verschieben. Alle Vorbereitungsspiele haben das Team jeweils einen Schritt voran gebracht. Trainer Beier ist guter Dinge und hat als Saisonziel einen Platz \u201eunter den ersten f\u00fcnf\u201c angepeilt. Das Klima in der Truppe ist hervorragend alle freuen sich jetzt darauf, dass die Saison endlich losgeht. Im ersten Spiel begr\u00fc\u00dft man am Sonntag um 14.30 Uhr auf der S\u00fcchtelner Stra\u00dfe den Aufsteiger Adler K\u00f6nigshof mit dem bestens bekannten Trainer Uli Rentzsch. <\/span><span style=\"font-family: verdana,geneva;\">Die TSVerinnen werden alles daf\u00fcr tun, die Punkte in Kaldenkirchen zu halten und wollen den Zuschauern ein sch\u00f6nes Spiel bieten.<\/span><\/span><\/p>\n<table border=\"0\">\n<tbody>\n<tr>\n<td>\n<p><span style=\"font-size: small;\"><p>no images were found<\/p>\n\u00a0\u00a0<\/span><\/p>\n<\/td>\n<td>\n<p><span style=\"font-size: small;\">\u00a0<\/span><\/p>\n<p><span style=\"font-size: small;\"><strong>\u00a0<a href=\"http:\/\/sis-handball.de\/web\/AktuelleSeite\/default.aspx?view=AktuelleSeite&amp;Liga=001512505502502000000000000000000005000&amp;clear=1\" target=\"_blank\">SIS Spielplan und Tabelle<\/a><\/strong><\/span><\/p>\n<p><span style=\"font-size: small;\">\u00a0<\/span><\/p>\n<p><span style=\"font-size: small;\">\u00a0<a title=\"Spielberichte 1. Damen\" href=\"http:\/\/www.habakaki.de\/wordpress\/mannschaften\/damen\/1-damen\/spielberichte-1-damen\"><strong>Spielberichte<\/strong><\/a><\/span><\/p>\n<p><span style=\"font-size: small;\">\u00a0<\/span><\/p>\n<p><span style=\"font-size: small;\">\u00a0<a title=\"Torsch\u00fctzinnen 1. Damen\" href=\"http:\/\/www.habakaki.de\/wordpress\/mannschaften\/damen\/1-damen\/torschutzinnen-1-damen\"><strong>Torsch\u00fctzenliste<\/strong><\/a><\/span><\/p>\n<p><span style=\"font-size: small;\"><strong><\/strong>\u00a0<\/span><\/p>\n<p><span style=\"font-size: small;\"><strong>Training:<\/strong><\/span><\/p>\n<p><span style=\"font-size: small;\">montags: 19:00-20:30 Werner-J\u00e4ger-Halle<\/span><\/p>\n<p><span style=\"font-size: small;\">mittwochs:20:30-22:00 S\u00fcchtelner Str.<\/span><\/p>\n<p><span style=\"font-size: small;\"><strong>\u00a0<\/strong><\/span><\/p>\n<\/td>\n<\/tr>\n<tr>\n<td>\n<p><span style=\"font-size: small;\">hintere Reihe: Jasmin Gerhardts, Claudia Pelmter, Maren Klingen, Anke Saulenas, Kathrin Brunen, Trainer Ralf Beier<\/span><\/p>\n<p><span style=\"font-size: small;\">vordere Reihe: Tine Vos, Tessa Petsche, Eva Jansen, Anke Dimmer, Saskia Pietralla, Birthe Jansen, Helena van Horrick<\/span><\/p>\n<p><span style=\"font-family: verdana,geneva; font-size: small;\">es fehlen: Anke Pollozek und Christiane Inderhees<\/span><\/p>\n<\/td>\n<td>\n<p><span style=\"font-size: small;\"><strong>\u00a0<\/strong><\/span><\/p>\n<\/td>\n<\/tr>\n<\/tbody>\n<\/table>\n","protected":false},"excerpt":{"rendered":"<p>TSV Handball,\u00a0Landesliga Vorschau auf die Saison 2011\/12 Mit mehreren neuen Gesichtern wird sich die Frauen-Landesligamannschaft [&hellip;]<\/p>\n","protected":false},"author":3,"featured_media":0,"parent":2643,"menu_order":11,"comment_status":"closed","ping_status":"closed","template":"","meta":{"ngg_post_thumbnail":0,"gutenify_custom_css":"","gutenify_custom_css_data":""},"_links":{"self":[{"href":"http:\/\/www.habakaki.de\/wordpress\/wp-json\/wp\/v2\/pages\/90"}],"collection":[{"href":"http:\/\/www.habakaki.de\/wordpress\/wp-json\/wp\/v2\/pages"}],"about":[{"href":"http:\/\/www.habakaki.de\/wordpress\/wp-json\/wp\/v2\/types\/page"}],"author":[{"embeddable":true,"href":"http:\/\/www.habakaki.de\/wordpress\/wp-json\/wp\/v2\/users\/3"}],"replies":[{"embeddable":true,"href":"http:\/\/www.habakaki.de\/wordpress\/wp-json\/wp\/v2\/comments?post=90"}],"version-history":[{"count":36,"href":"http:\/\/www.habakaki.de\/wordpress\/wp-json\/wp\/v2\/pages\/90\/revisions"}],"predecessor-version":[{"id":2826,"href":"http:\/\/www.habakaki.de\/wordpress\/wp-json\/wp\/v2\/pages\/90\/revisions\/2826"}],"up":[{"embeddable":true,"href":"http:\/\/www.habakaki.de\/wordpress\/wp-json\/wp\/v2\/pages\/2643"}],"wp:attachment":[{"href":"http:\/\/www.habakaki.de\/wordpress\/wp-json\/wp\/v2\/media?parent=90"}],"curies":[{"name":"wp","href":"https:\/\/api.w.org\/{rel}","templated":true}]}}