{"id":84,"date":"2011-07-28T17:01:22","date_gmt":"2011-07-28T15:01:22","guid":{"rendered":"http:\/\/www.habakaki.de\/wordpress\/?page_id=84"},"modified":"2013-06-07T11:41:09","modified_gmt":"2013-06-07T09:41:09","slug":"1-herren","status":"publish","type":"page","link":"http:\/\/www.habakaki.de\/wordpress\/mannschaften\/historie\/1-herren","title":{"rendered":"1. Herren 11\/12"},"content":{"rendered":"<p><span style=\"font-size: small;\"><strong><span style=\"font-family: verdana,geneva;\">TSV Handball, Verbandsliga<\/span><\/strong><\/span><\/p>\n<p><span style=\"font-size: small;\"><strong><span style=\"font-family: verdana,geneva;\">Trainerwechsel nach dem 4. Spieltag<\/span><\/strong><\/span><\/p>\n<p><span style=\"font-size: small;\"><span style=\"font-family: verdana,geneva;\">Am 30.10.2011 begr\u00fc\u00dfen wir im Pokalspiel gegen den TV Lobberich Reinhard Br\u00fcren als neuen Trainer unserer 1. Herren. Er l\u00f6st Markus Schmiegelt ab, dem wir an dieser Stelle nochmals f\u00fcr seinen Einsatz danken. <\/span><\/span><\/p>\n<p>&nbsp;<\/p>\n<table border=\"0\">\n<tbody>\n<tr>\n<td>\n<p><span style=\"font-family: verdana,geneva; font-size: small;\">            \n\t\t<div class=\"ngg-gallery-singlepic-image ngg-center\" style=\"max-width: 480px\">\n\t\t\t    \t<a href=\"http:\/\/www.habakaki.de\/wordpress\/wp-content\/gallery\/1-herren\/1-herren-2011.jpg\"\n\t\t     title=\"\"\n             data-src=\"http:\/\/www.habakaki.de\/wordpress\/wp-content\/gallery\/1-herren\/1-herren-2011.jpg\"\n             data-thumbnail=\"http:\/\/www.habakaki.de\/wordpress\/wp-content\/gallery\/1-herren\/thumbs\/thumbs_1-herren-2011.jpg\"\n             data-image-id=\"45\"\n             data-title=\"1. Herren\"\n             data-description=\"\"\n             target='_self'\n             class=\"ngg-fancybox\" rel=\"e0e6277388e6d003de4e278752572355\">\n            <img class=\"ngg-singlepic\"\n             src=\"http:\/\/www.habakaki.de\/wordpress\/wp-content\/gallery\/1-herren\/cache\/1-herren-2011.jpg-nggid0245-ngg0dyn-480x360x100-00f0w010c010r110f110r010t010.jpg\"\n             alt=\"1. Herren\"\n             title=\"1. Herren\"\n              width=\"480\"               \/>\n    \t<\/a>\n\t\t      <\/div>\n        <\/span><\/p>\n<\/td>\n<td scope=\"col\">\n<p>&nbsp;<\/p>\n<p><span style=\"font-family: verdana,geneva; font-size: small;\"><strong>\u00a0<a href=\"http:\/\/sis-handball.de\/web\/AktuelleSeite\/default.aspx?view=AktuelleSeite&amp;Liga=001512505502501000000000000000000003000&amp;clear=1\" target=\"_blank\">SIS Spielplan und Tabelle<\/a><\/strong><\/span><\/p>\n<p>&nbsp;<\/p>\n<p><span style=\"font-family: verdana,geneva; font-size: small;\">\u00a0<a title=\"Spielberichte 1. Herren\" href=\"http:\/\/www.habakaki.de\/wordpress\/mannschaften\/herren\/1-herren\/spielberichte\"><strong>Spielberichte<\/strong><\/a><\/span><\/p>\n<p>&nbsp;<\/p>\n<p><span style=\"font-family: verdana,geneva; font-size: small;\">\u00a0<a title=\"Torsch\u00fctzen 1. Herren\" href=\"http:\/\/www.habakaki.de\/wordpress\/mannschaften\/herren\/1-herren\/torschutzen\"><strong>Torsch\u00fctzenliste<\/strong><\/a><\/span><\/p>\n<p><span style=\"font-family: verdana,geneva; font-size: small;\"><strong><\/strong>\u00a0<\/span><\/p>\n<p><span style=\"font-family: verdana,geneva; font-size: small;\">\u00a0<strong>Training:<\/strong><\/span><\/p>\n<p><span style=\"font-family: verdana,geneva; font-size: small;\">dienstags, donnerstags:<\/span><\/p>\n<p><span style=\"font-family: verdana,geneva; font-size: small;\">20:30-22:00 Speckerfeld Breyell<\/span><\/p>\n<\/td>\n<\/tr>\n<tr>\n<td>\n<p><span style=\"font-family: verdana,geneva; font-size: small;\">hintere Reihe:\u00a0 Trainer Markus Schmiegelt, Arno Heyer, Volker Terhaag, Jochen Schellekens, Lukas\u00a0Widera, Vincent Widera, Christian Konrads, Sebastian Gerits, Physio Eva Jan\u00dfen<\/span><\/p>\n<p><span style=\"font-family: verdana,geneva; font-size: small;\">vordere Reihe: S\u00f6ren Im\u00f6hl, Joachim Rinsch, Bj\u00f6rn Im\u00f6hl, Christoph Hentzschel, David Mattke, Sigitas\u00a0Saulenas, Lukas Topp, Nelson Weisz<\/span><\/p>\n<p><span style=\"font-family: verdana,geneva; font-size: small;\">es fehlen: Volker Hesse,\u00a0Matthias Heinrichs<\/span><\/p>\n<p><strong><br \/><\/strong><\/p>\n<\/td>\n<td>\n<p><strong>\u00a0<\/strong><\/p>\n<\/td>\n<\/tr>\n<\/tbody>\n<\/table>\n<p>&nbsp;<\/p>\n","protected":false},"excerpt":{"rendered":"<p>TSV Handball, Verbandsliga Trainerwechsel nach dem 4. Spieltag Am 30.10.2011 begr\u00fc\u00dfen wir im Pokalspiel gegen [&hellip;]<\/p>\n","protected":false},"author":3,"featured_media":0,"parent":2643,"menu_order":2,"comment_status":"closed","ping_status":"closed","template":"","meta":{"ngg_post_thumbnail":0,"gutenify_custom_css":"","gutenify_custom_css_data":""},"_links":{"self":[{"href":"http:\/\/www.habakaki.de\/wordpress\/wp-json\/wp\/v2\/pages\/84"}],"collection":[{"href":"http:\/\/www.habakaki.de\/wordpress\/wp-json\/wp\/v2\/pages"}],"about":[{"href":"http:\/\/www.habakaki.de\/wordpress\/wp-json\/wp\/v2\/types\/page"}],"author":[{"embeddable":true,"href":"http:\/\/www.habakaki.de\/wordpress\/wp-json\/wp\/v2\/users\/3"}],"replies":[{"embeddable":true,"href":"http:\/\/www.habakaki.de\/wordpress\/wp-json\/wp\/v2\/comments?post=84"}],"version-history":[{"count":67,"href":"http:\/\/www.habakaki.de\/wordpress\/wp-json\/wp\/v2\/pages\/84\/revisions"}],"predecessor-version":[{"id":2795,"href":"http:\/\/www.habakaki.de\/wordpress\/wp-json\/wp\/v2\/pages\/84\/revisions\/2795"}],"up":[{"embeddable":true,"href":"http:\/\/www.habakaki.de\/wordpress\/wp-json\/wp\/v2\/pages\/2643"}],"wp:attachment":[{"href":"http:\/\/www.habakaki.de\/wordpress\/wp-json\/wp\/v2\/media?parent=84"}],"curies":[{"name":"wp","href":"https:\/\/api.w.org\/{rel}","templated":true}]}}