{"id":65,"date":"2011-07-28T16:46:54","date_gmt":"2011-07-28T14:46:54","guid":{"rendered":"http:\/\/www.habakaki.de\/wordpress\/?page_id=65"},"modified":"2011-10-03T19:55:00","modified_gmt":"2011-10-03T17:55:00","slug":"turnhalle-ravensstrasse","status":"publish","type":"page","link":"http:\/\/www.habakaki.de\/wordpress\/sportstatten\/turnhalle-ravensstrasse","title":{"rendered":"Turnhalle Ravensstrasse"},"content":{"rendered":"<p><span style=\"font-family: verdana,geneva; font-size: small;\">Ab Januar 2012 wird die Handball Abteilung des TSV Kaldenkirchen zum erstenmal in einen Halle in Kaldenkirchen spielen. Der Rohbau ist fertig &#8211; der Innenausbau in vollem Gange.<\/span><\/p>\n<p>&nbsp;<\/p>\n<p><strong>Karte:\u00a0\u00a0<\/strong>\u00a0\u00a0\u00a0\u00a0\u00a0\u00a0\u00a0<a href=\"http:\/\/maps.nokia.com\/;jsessionid=9833C0D61943D23BDA47B2FBF6666DDD?p=1&amp;cid=ovimaps-fw-ilc-na-acq-na-map24-de-na-1#|51.3190559|6.191322|16|0|0|normal.day?\" target=\"_blank\"><img decoding=\"async\" loading=\"lazy\" class=\"ngg-singlepic ngg-center\" style=\"vertical-align: baseline;\" src=\"http:\/\/www.habakaki.de\/wordpress\/wp-content\/gallery\/halle-ravensstrasse\/anfahrtplan.jpg\" alt=\"anfahrtplan\" width=\"233\" height=\"194\" \/><\/a>\u00a0\u00a0\u00a0\u00a0\u00a0\u00a0\u00a0\u00a0\u00a0\u00a0\u00a0\u00a0\u00a0\u00a0\u00a0\u00a0\u00a0\u00a0\u00a0\u00a0\u00a0\u00a0\u00a0\u00a0\u00a0\u00a0\u00a0\u00a0\u00a0\u00a0\u00a0\u00a0\u00a0\u00a0\u00a0\u00a0<\/p>\n<p><strong>Anfahrt:<\/strong><\/p>\n<p><strong>Anfahrt \u00fcber die A 61 aus Richtung M\u00f6nchengladbach\/Viersen:<\/strong><\/p>\n<p>Ausfahrt Kaldenkirchen-S\u00fcd\/Br\u00fcggen, am Kreisverkehr rechts Richtung Kaldenkirchen, nach Orsteingang bis zum n\u00e4chsten Kreisverkehr, hier links in die Gerberstra\u00dfe, n\u00e4chste Kreuzung rechts in die Ringstra\u00dfe, nach ca.\u00a0850 m links in die Ravensstra\u00dfe, nach ca. 200 m links zur Sporthalle.<\/p>\n<p><strong>Anfahrt \u00fcber die A 40 aus Richtung Ruhrgebiet\/Straelen\/ Kerken:<\/strong><\/p>\n<p>Ausfahrt Straelen\/Nettetal, links Richtung Nettetal, nach Ortseingang Kaldenkirchen an der Ampelkreuzung Bahnhofstra\u00dfe\/Poststra\u00dfe geradeaus (Bahnhofstra\u00dfe), n\u00e4chste Stoppstra\u00dfe rechts in die Kanalstra\u00dfe, abknickende Vorfahrt links, weiter \u00fcber Venloer Stra\u00dfe\/Vennstra\u00dfe bis zur Kreuzung Ringstra\u00dfe\/Ravensstra\u00dfe, geradeaus in die Ravensstra\u00dfe, nach ca 200 m links zur Sporthalle.<\/p>\n<p>&nbsp;<\/p>\n<hr \/>\n<p>&nbsp;<\/p>\n<p><strong><span style=\"font-family: verdana,geneva;\">Nettetal<\/span><\/strong><\/p>\n<p><span style=\"font-family: verdana,geneva;\">Sporthalle wird sp\u00e4ter fertig<\/span><\/p>\n<p><span style=\"font-family: verdana,geneva;\">VON LUDGER PETERS &#8211; zuletzt aktualisiert: 26.08.2011 <\/span><br \/><span style=\"font-family: verdana,geneva;\">Nettetal (RP). Die Er\u00f6ffnung der neuen Halle an der Ravensstra\u00dfe in Kaldenkirchen verz\u00f6gert sich. Sie wird zum Jahreswechsel f\u00fcr Schulen und Sportvereine frei gegeben. Aus Kostengr\u00fcnden wurde der Aufzug zur Zuschauer-Ebene gestrichen.<\/span><\/p>\n<p>\u00a0<img decoding=\"async\" class=\"ngg-singlepic ngg-none\" src=\"http:\/\/www.habakaki.de\/wordpress\/wp-content\/gallery\/halle-ravensstrasse\/1190677180.jpg\" alt=\"1190677180\" \/><\/p>\n<p><span style=\"font-family: verdana,geneva;\">Noch eine Baustelle: Die neue Sporthalle an der Ravensstra\u00dfe in Kaldenkirchen wird erst zum 1. Januar 2012 freigegeben. Foto: Franz-Heinrich Busch<\/span><\/p>\n<p><span style=\"font-family: verdana,geneva;\">Die neue Sporthalle in Kaldenkirchen wird erst nach dem Jahreswechsel in Betrieb genommen. Urspr\u00fcnglich war allgemein erwartet worden, dass der Betrieb nach den Herbstferien im Oktober aufgenommen werden k\u00f6nnte. Dem Rotstift zum Opfer gefallen ist der urspr\u00fcnglich geplante Aufzug zum Zuschauerbereich. Rollstuhlfahrer kommen daher nicht auf die Zuschauertrib\u00fcne im oberen Bereich.<\/span><br \/><span style=\"font-family: verdana,geneva;\">Die Sporthalle an der Ravensstra\u00dfe wird die neue Heimat f\u00fcr den Schulsport und den Hallensport in Kaldenkirchen. Vor allem die Handballer des TSV Kaldenkirchen, die in Lobberich spielen, wollten gerne m\u00f6glichst fr\u00fch umziehen. Doch daraus wird nichts. Auf Bitten der Handballabteilung des TSV teilte die Leiterin des Nettebetriebs, Susanne Fritzsche, schriftlich mit, die Halle werde zum 1. Januar 2012 freigegeben. Vorausgegangen waren mehrere ergebnislose Gespr\u00e4che.<\/span><\/p>\n<p><strong><span style=\"font-family: verdana,geneva;\">Info<\/span><\/strong><br \/><span style=\"font-family: verdana,geneva;\">Es geht um viel Geld <\/span><span style=\"font-family: verdana,geneva;\">Kosten Die Gesamtkosten in H\u00f6he von 2,84 Millionen Euro werden mit einem Investitionskostenzuschuss \u00fcber von 1,05 Millionen Euro gef\u00f6rdert. M\u00f6glich macht dies das Konjunkturpaket II.<\/span><br \/><span style=\"font-family: verdana,geneva;\">Deckel Die Finanzierung ist gedeckelt. Der Nettebetrieb hat gro\u00dfe Schwierigkeiten, den gesetzten Rahmen einzuhalten. Das ist der Hauptgrund f\u00fcr die Verz\u00f6gerung.<\/span><br \/><span style=\"font-family: verdana,geneva;\">&#8222;Wir ben\u00f6tigten Planungssicherheit vor dem Saisonstart&#8220;, erkl\u00e4rt der f\u00fcr den Spielbetrieb im TSV-Handball verantwortliche Wolfgang Schr\u00f6der. Der Handballverband Niederrhein (HVN) und der Kreis Krefeld-Grenzland verlangten, dass Vereine bis zum 6. August ihre Meldungen abgaben. &#8222;Jede Spielverlegung wird mit 2,50 bis f\u00fcnf Euro Strafgeld belegt. Das k\u00f6nnten wir uns nicht leisten und wollen es auch nicht&#8220;, unterstreicht Schr\u00f6der. Mit dem Terminplan haben sich die Handballer arrangieren m\u00fcssen. &#8222;Wir mussten mit dem TV Lobberich, dem Behindertensport, Taekwondo und anderen Hallennutzern in Lobberich die Belegungspl\u00e4ne abstimmen&#8220;, erl\u00e4utert Wolfgang Schr\u00f6der.<\/span><br \/><span style=\"font-family: verdana,geneva;\">Am 12. September wird es eine Begehung der neuen Sporthalle geben, an der auch die TSV-Sportler teilnehmen werden. Dann sollen nach Angaben Schr\u00f6ders und des f\u00fcr die Finanzen zust\u00e4ndigen Handball-Gesch\u00e4ftsf\u00fchrers Friedbert Jan\u00dfen letzte Ausstattungsdetails beraten und abgestimmt werden. Zur Sprache kommt dann ohne Zweifel auch, dass die Stadt den Behindertenaufzug gestrichen hat, der auf die Zuschauerebene f\u00fchren sollte. Susanne Fritzsche best\u00e4tigte dies auf Anfrage. Im Nettebetrieb vertrete man die Auffassung, dass Rollstuhlfahrer ersatzweise in der Aussparung einen Platz finden k\u00f6nnten, die f\u00fcr Zeitnehmer und Teams vorhanden sein muss. In Handballerkreisen h\u00e4lt man das f\u00fcr eine Schnapsidee. Schiedsrichter w\u00fcrden so etwas kaum zulassen. Auch im Stadtsportverband ist man dar\u00fcber sehr ungl\u00fccklich. Die angedachte L\u00f6sung sei sehr ungl\u00fccklich f\u00fcr behinderte Menschen. KOMMENTAR\/FRAGE DES TAGES<\/span><\/p>\n<p><span style=\"font-family: verdana,geneva;\">Quelle: RP<\/span><\/p>\n<hr \/>\n<p>&nbsp;<\/p>\n<p><strong>Die letzten Bilder von 23.07.2011<\/strong><\/p>\n<p>&nbsp;<\/p>\n<table>\n<tbody>\n<tr>\n<td><img decoding=\"async\" loading=\"lazy\" class=\"ngg-singlepic ngg-none\" src=\"http:\/\/www.habakaki.de\/wordpress\/wp-content\/gallery\/halle-ravensstrasse\/einfahrt.jpg\" alt=\"einfahrt\" width=\"400\" height=\"300\" \/><\/td>\n<td><img decoding=\"async\" loading=\"lazy\" class=\"ngg-singlepic ngg-none\" src=\"http:\/\/www.habakaki.de\/wordpress\/wp-content\/gallery\/halle-ravensstrasse\/eingang.jpg\" alt=\"eingang\" width=\"400\" height=\"300\" \/><\/td>\n<\/tr>\n<tr>\n<td>\u00a0<img decoding=\"async\" loading=\"lazy\" class=\"ngg-singlepic ngg-none\" src=\"http:\/\/www.habakaki.de\/wordpress\/wp-content\/gallery\/halle-ravensstrasse\/hallekabinen.jpg\" alt=\"hallekabinen\" width=\"400\" height=\"300\" \/><\/td>\n<td>\u00a0<img decoding=\"async\" loading=\"lazy\" class=\"ngg-singlepic ngg-none\" src=\"http:\/\/www.habakaki.de\/wordpress\/wp-content\/gallery\/halle-ravensstrasse\/halle.jpg\" alt=\"halle\" width=\"400\" height=\"300\" \/><\/td>\n<\/tr>\n<tr>\n<td>\u00a0<img decoding=\"async\" loading=\"lazy\" class=\"ngg-singlepic ngg-none\" src=\"http:\/\/www.habakaki.de\/wordpress\/wp-content\/gallery\/halle-ravensstrasse\/imgp6577a.jpg\" alt=\"imgp6577a\" width=\"400\" height=\"300\" \/><\/td>\n<td>\u00a0<img decoding=\"async\" loading=\"lazy\" class=\"ngg-singlepic ngg-none\" src=\"http:\/\/www.habakaki.de\/wordpress\/wp-content\/gallery\/halle-ravensstrasse\/imgp6453.jpg\" alt=\"imgp6453\" width=\"400\" height=\"300\" \/><\/td>\n<\/tr>\n<tr>\n<td>\u00a0<img decoding=\"async\" loading=\"lazy\" class=\"ngg-singlepic ngg-none\" src=\"http:\/\/www.habakaki.de\/wordpress\/wp-content\/gallery\/halle-ravensstrasse\/imgp6578a.jpg\" alt=\"imgp6578a\" width=\"400\" height=\"300\" \/><\/td>\n<td>\u00a0<img decoding=\"async\" loading=\"lazy\" class=\"ngg-singlepic ngg-none\" src=\"http:\/\/www.habakaki.de\/wordpress\/wp-content\/gallery\/halle-ravensstrasse\/imgp6580a.jpg\" alt=\"imgp6580a\" width=\"400\" height=\"300\" \/><\/td>\n<\/tr>\n<\/tbody>\n<\/table>\n","protected":false},"excerpt":{"rendered":"<p>Ab Januar 2012 wird die Handball Abteilung des TSV Kaldenkirchen zum erstenmal in einen Halle [&hellip;]<\/p>\n","protected":false},"author":3,"featured_media":0,"parent":30,"menu_order":1,"comment_status":"closed","ping_status":"closed","template":"","meta":{"ngg_post_thumbnail":0,"gutenify_custom_css":"","gutenify_custom_css_data":""},"_links":{"self":[{"href":"http:\/\/www.habakaki.de\/wordpress\/wp-json\/wp\/v2\/pages\/65"}],"collection":[{"href":"http:\/\/www.habakaki.de\/wordpress\/wp-json\/wp\/v2\/pages"}],"about":[{"href":"http:\/\/www.habakaki.de\/wordpress\/wp-json\/wp\/v2\/types\/page"}],"author":[{"embeddable":true,"href":"http:\/\/www.habakaki.de\/wordpress\/wp-json\/wp\/v2\/users\/3"}],"replies":[{"embeddable":true,"href":"http:\/\/www.habakaki.de\/wordpress\/wp-json\/wp\/v2\/comments?post=65"}],"version-history":[{"count":40,"href":"http:\/\/www.habakaki.de\/wordpress\/wp-json\/wp\/v2\/pages\/65\/revisions"}],"predecessor-version":[{"id":637,"href":"http:\/\/www.habakaki.de\/wordpress\/wp-json\/wp\/v2\/pages\/65\/revisions\/637"}],"up":[{"embeddable":true,"href":"http:\/\/www.habakaki.de\/wordpress\/wp-json\/wp\/v2\/pages\/30"}],"wp:attachment":[{"href":"http:\/\/www.habakaki.de\/wordpress\/wp-json\/wp\/v2\/media?parent=65"}],"curies":[{"name":"wp","href":"https:\/\/api.w.org\/{rel}","templated":true}]}}