{"id":594,"date":"2011-04-10T18:43:35","date_gmt":"2011-04-10T16:43:35","guid":{"rendered":"http:\/\/www.wildschutzbund.de\/wordpress\/?page_id=594"},"modified":"2013-06-07T11:44:40","modified_gmt":"2013-06-07T09:44:40","slug":"spielberichte","status":"publish","type":"page","link":"http:\/\/www.habakaki.de\/wordpress\/mannschaften\/historie\/spielberichte","title":{"rendered":"&#8211; Spielberichte 1. Herren"},"content":{"rendered":"<p><a title=\"Spielberichte 1. Herren\" href=\"http:\/\/www.habakaki.de\/wordpress\/mannschaften\/herren\/1-herren\/spielberichte\">\u00a0a<\/a><\/p>\n<p>&nbsp;<\/p>\n<p><span style=\"font-family: verdana,geneva; font-size: small;\"><strong>22.10.11 TV Schwafheim &#8211; TSV Kaldenkirchen 28:29 (14:16)<\/strong><\/span><\/p>\n<p><span style=\"font-family: verdana,geneva; font-size: small;\">Optimal eingestellt gewann die 1. beim bisher ungeschlagenen Tabellenf\u00fchrer aus Schwafheim. Eine aggressive Abwehr und ein gut aufgelegter Christoph Hentzschel im Tor lie\u00dfen dem starken R\u00fcckraum der Gastgeber wenig Entfaltungsm\u00f6glichkeiten. Nach einer schnellen 3:0 F\u00fchrung hielt der TSV den Gegner auf Distanz und f\u00fchrte zur Halbzeit mit 16:14 Toren.<\/span><\/p>\n<p><span style=\"font-family: verdana,geneva; font-size: small;\">Kontinuierlich wurde die F\u00fchrung im zweiten Abschnitt ausgebaut, auch gest\u00fctzt auf die gute Chancenauswertung. Nach dem 29:24 (52. Spiel- minute) waren pl\u00f6tzlich alle guten Vors\u00e4tze dahin. Die Angriffe wurden (auch in \u00dcberzahl) nicht konsequent durchgespielt, zu \u00fcberhastet und unkonzentriert wurde aufs Tor geworfen.\u00a0Dadurch bekamen die Schwafheimer Oberwasser und schafften fast noch den Ausgleich.<\/span><\/p>\n<p><span style=\"font-family: verdana,geneva; font-size: small;\">Torsch\u00fctzen: Jochen Schellekens (6), Sebastian Gerits, Vincent Widera (je 5),\u00a0Lucas Topp (4), Volker Terhaag, S\u00f6ren Imoehl, Matthias Heinrichs (je 2), Nelson Weisz, Volker Hesse, Bj\u00f6rn Imoehl (je 1).<\/span><\/p>\n<p>&nbsp;<\/p>\n<hr \/>\n<p>&nbsp;<\/p>\n<p><span style=\"font-family: verdana,geneva; font-size: small;\"><strong>15.10.11 TSV Kaldenkirchen &#8211; Tschft.L\u00fcrrip 28:30 (11:14)<\/strong><\/span><\/p>\n<p><span style=\"font-family: verdana,geneva; font-size: small;\">Torsch\u00fctzen: Sebastian Gerits (8), Jo Rinsch (5), Nelson Weisz, Jochen Schellekens, Volker Hesse (je 3), Matthias Heinrichs, Vincent Widera (je 2), Sigitas Saulenas (1)<\/span><\/p>\n<p>&nbsp;<\/p>\n<hr \/>\n<p>&nbsp;<\/p>\n<p><span style=\"font-family: verdana,geneva; font-size: small;\"><strong><a name=\"spiel081011\"><\/a>08.10.11 TB W\u00fclfrath &#8211; TSV Kaldenkirchen 35:36 (13:16)<\/strong><\/span><\/p>\n<p><span style=\"font-family: verdana,geneva; font-size: small;\">In einem von Anfang an kampfbetonten und temporeichen Spiel entf\u00fchrt unser Team 2 Punkte aus W\u00fclfrath. Damit h\u00e4tte wohl kaum jemand gerechnet. Nach R\u00fcckstand (2:0 und 4:3) f\u00fchrte unsere Mannschaft \u00fcber die gesamte Spielzeit.<\/span><\/p>\n<p><span style=\"font-family: verdana,geneva; font-size: small;\">Von Beginn an merkte man jedem meiner Spieler den unbedingten Siegeswillen an. Auf jede taktische Umsgtellung von W\u00fclfrath stellten sich unsere Jungs individuell ein und hielten dagegen. Vorne wurde konzentriert und sicher gespielt und die Angriffe erfolgreich abgeschlossen. In der ersten H\u00e4lfte f\u00fchrten wir zwischenzeitlich mit 6 Toren (13:7 und 16:10).<\/span><\/p>\n<p><span style=\"font-family: verdana,geneva; font-size: small;\">Hektik und unn\u00f6tige Ballverluste f\u00fchrten aber dann dazu, dass W\u00fclfrath zur Halbzeitpause auf 13:16 verk\u00fcrzen konnte und nach Wiederanpfiff auf 2 Tore heran kam. Aber davon lie\u00df sich keiner unserer Spieler beeindrucken und so konnten wir bis zur Mitte der 2. H\u00e4lfte einen 3 Tore Vorsprung halten. W\u00fclfrath setzte nur Alles auf eine Karte und nahm Vincent Widera und Sebastian Gerits in kurze Manndeckung und verk\u00fcrzte auf 28:29, durch die Einwechselung von Jo Rinsch konnten wir uns wieder mit 4 Toren absetzen.Jo fand immer wieder die L\u00fccken in der gegnerischen Abwehr und erzielte insegesamt 9 Tore. Auch Vincent Widera und Volker Hesse spielten in Abwehr und Angriff souver\u00e4n und erzeilten insgesamt 11 Tore. Die Schlussphase des Spiels war von Hektik gepr\u00e4gt, doch am Ende verlie\u00dfen wir als verdiente Sieger den Platz. Die Freude nach dem Schlusspfiff war riesengro\u00df.<\/span><\/p>\n<p><span style=\"font-family: verdana,geneva; font-size: small;\">Gro\u00dfes Lob f\u00fcr diese tolle Leistung an die gesamte Mannschaft !!<\/span><\/p>\n<p><span style=\"font-family: verdana,geneva; font-size: x-small;\">(Markus Schmiegelt)<\/span>\u00a0<\/p>\n<hr \/>\n<p><span style=\"font-family: verdana,geneva; font-size: small;\"><strong>01.10.11\u00a0 HSG Ven.\/Rum.\/Ka. &#8211; TSV Kaldenkirchen\u00a0 23:25\u00a0 (11:9)<\/strong><\/span><\/p>\n<p><span style=\"font-family: verdana,geneva; font-size: small;\">Nach der Niederlage zum Saisonauftakt gegen Vorst konnte im 1. Ausw\u00e4rtsspiel gegen die HSG VeRuKa ein Sieg eingefahren werden. Mit 23:25 (11:9) behielt unsere Mannschaft die Oberhand und fuhr die ersten zwei Punkte ein. Von Anfang bis zum Ende war es aus meiner Sicht eine ausgeglichene Partie mit leichten Vorteilen f\u00fcr die HSG, die bis Mitte der 2. H\u00e4lfte einen 2 Tore Vorsprung halten konnte. Dank einer starken Leistung von Christoph Hentzschel im Tor und einer insgesamt guten Abwehrleistung konnte sich die HSG nie entscheidend absetzen. Besonders Joachim &#8222;Jo&#8220; Rinsch (vorgezogen) und Jochen Schellekens (Mitte-Hinten) boten eine starke Leistung in der Abwehr. <\/span><\/p>\n<p><span style=\"font-family: verdana,geneva; font-size: small;\">Im Angriff hingegen blieben wir in der 1. H\u00e4lfte unter unseren M\u00f6glichkeiten, nur Nelson &#8222;Mandela&#8220; Weisz wusste im Spielaufbau zu gefallen. Jo\u00a0spielte vorn ein wenig ungl\u00fccklich und leistete den einen oder anderen unn\u00f6tigen Ballverlust.<\/span><\/p>\n<p><span style=\"font-family: verdana,geneva; font-size: small;\">Erst ab Mitte der 2. H\u00e4lfte lief es im Angriff besser. Nelson zog weiter geschickt die F\u00e4den und brachte sich und seine Mitspieler immer wieder in aussichtsreiche Wurfpositionen. Auch 4 herausgeholte 7 m verwandelte er sicher. Jo, auch immer sicherer, Jochen und &#8222;Fox&#8220; Terhaag konnten in dieser Phase wichtige Treffer erzielen und eine zwischenzeitliche 3 Tore F\u00fchrung heraus holen. In den letzten Spielminuten ging die HSG zu offener Manndeckung \u00fcber, aber unsere Jungs lie\u00dfen nichts mehr anbrennen.<\/span><\/p>\n<p><span style=\"font-family: verdana,geneva; font-size: small;\">Gl\u00fcckwunsch an meine Mannschaft. <\/span><\/p>\n<p><span style=\"font-family: verdana,geneva; font-size: small;\"><span style=\"font-size: x-small;\">(Markus Schmiegelt)<\/span><\/span>\u00a0<\/p>\n<hr \/>\n<p><span style=\"font-family: verdana,geneva; font-size: small;\">\u00a0<strong>24.09.11\u00a0 TSV Kaldenkirchen &#8211; TV Vorst\u00a0 27:31 (12:18)<\/strong><\/span><\/p>\n<p><span style=\"font-family: verdana,geneva; font-size: small;\">F\u00fcr unsere Mannschaft gab es im ersten Saisonspiel im Kreisderby eine Niederlage gegen den TV Vorst. F\u00fcr mich v\u00f6llig \u00fcberraschend agierten alle Spieler auf dem Feld direkt von Beginn an \u00fcberaus nerv\u00f6s, teilweise aber auch \u00fcbermotivert. Was vielleicht auch mit dem Start in die Meisterschaft und dem Lokalderby gegen Vorst, die mit einem &#8222;Mini-Kader&#8220; anreisten, zur\u00fcckzuf\u00fchren ist.<\/span><\/p>\n<p><span style=\"font-family: verdana,geneva; font-size: small;\">In den ersten Spielminuten wurden klare Torchancen ausgelassen und in der Abwehr stellten uns die beiden R\u00fcckraumspieler des TV, Br\u00f6xkes und Schuffelen, von Anfang an immer wieder vor gro\u00dfe Probleme. Im Laufe der ersten H\u00e4lfte kamen dann auch noch die schnellen 2&#215;2 Minuten Strafzeiten gegen Lukas Widera hinzu, was einen Wechsel &#8222;Angriff\/Abwehr&#8220; zu Folge hatte. Unser angestrebtes Tempospiel wurde dadurch noch zus\u00e4tzlich gehemmt.<\/span><\/p>\n<p><span style=\"font-family: verdana,geneva; font-size: small;\">Im Angriff waren wir nicht in der Lage geeignete Ma\u00dfnahmen gegen die offensive Deckung von Sebastian &#8222;Gerry&#8220; Gerits zu finden. Spielz\u00fcge wurden nicht konsequent zu Ende gespielt, hastige Abschl\u00fcsse und viele technische Fehler waren die Folge. Pech hatten Lukas und Vincent Widera mit einigen Pfostentreffern, auch wurden drei Siebenmeter verworfen. Nur &#8222;Gerry&#8220; hielt uns mit Einzelaktionen im Rennen. Erst nach der Halbzeitpause konnte durch Umstellung der Abwehr und einer etwas verbesserten Angriffsleistung der Abstand ein wenig verringert werden. Beim Stand von 18:22 und Ballbesitz keimte ein wenig Hoffnung auf, aber wiederum durch technische Fehler und Ballverlust stellte Vorst den alten Abstand von 6 Toren wieder her. Die Niederlage war aus meiner Sicht v\u00f6llig unn\u00f6tig und vermeidbar.<\/span><\/p>\n<p><span style=\"font-family: verdana,geneva; font-size: small;\">F\u00fcr das n\u00e4chste Spiel gegen die HSG Ve\/Ru\/Ka erwarte ich von meiner Mannschaft eine deutliche Leistungssteigerung.<\/span><\/p>\n<p><span style=\"font-family: verdana,geneva; font-size: x-small;\">(Markus Schmiegelt)\u00a0<\/span><\/p>\n","protected":false},"excerpt":{"rendered":"<p>\u00a0a &nbsp; 22.10.11 TV Schwafheim &#8211; TSV Kaldenkirchen 28:29 (14:16) Optimal eingestellt gewann die 1. [&hellip;]<\/p>\n","protected":false},"author":6,"featured_media":0,"parent":2643,"menu_order":3,"comment_status":"closed","ping_status":"closed","template":"","meta":{"ngg_post_thumbnail":0,"gutenify_custom_css":"","gutenify_custom_css_data":""},"_links":{"self":[{"href":"http:\/\/www.habakaki.de\/wordpress\/wp-json\/wp\/v2\/pages\/594"}],"collection":[{"href":"http:\/\/www.habakaki.de\/wordpress\/wp-json\/wp\/v2\/pages"}],"about":[{"href":"http:\/\/www.habakaki.de\/wordpress\/wp-json\/wp\/v2\/types\/page"}],"author":[{"embeddable":true,"href":"http:\/\/www.habakaki.de\/wordpress\/wp-json\/wp\/v2\/users\/6"}],"replies":[{"embeddable":true,"href":"http:\/\/www.habakaki.de\/wordpress\/wp-json\/wp\/v2\/comments?post=594"}],"version-history":[{"count":34,"href":"http:\/\/www.habakaki.de\/wordpress\/wp-json\/wp\/v2\/pages\/594\/revisions"}],"predecessor-version":[{"id":2803,"href":"http:\/\/www.habakaki.de\/wordpress\/wp-json\/wp\/v2\/pages\/594\/revisions\/2803"}],"up":[{"embeddable":true,"href":"http:\/\/www.habakaki.de\/wordpress\/wp-json\/wp\/v2\/pages\/2643"}],"wp:attachment":[{"href":"http:\/\/www.habakaki.de\/wordpress\/wp-json\/wp\/v2\/media?parent=594"}],"curies":[{"name":"wp","href":"https:\/\/api.w.org\/{rel}","templated":true}]}}