{"id":1379,"date":"2011-09-11T11:35:58","date_gmt":"2011-09-11T09:35:58","guid":{"rendered":"http:\/\/www.habakaki.de\/wordpress\/?page_id=1379"},"modified":"2011-10-24T12:43:14","modified_gmt":"2011-10-24T10:43:14","slug":"spielberichte-jungen-d1-2","status":"publish","type":"page","link":"http:\/\/www.habakaki.de\/wordpress\/mannschaften\/historie\/jungen\/jungen-d\/spielberichte-jungen-d1-2","title":{"rendered":"Spielberichte Jungen D1"},"content":{"rendered":"<p><span style=\"font-family: verdana,geneva; font-size: small;\"><strong>23.10.11 Jugendturnier des TV Oppum &#8222;Sparkassen-Cup&#8220;<\/strong><\/span><\/p>\n<p><span style=\"font-family: verdana,geneva; font-size: small;\">Am fr\u00fchen Sonntagmorgen reiste die D1 zum \u201eSparkassen-Cup\u201c des TV Oppum. Nach zwei Siegen in der Gruppenphase gegen den TV Borken (8:6) und TV Ohligs (7:1) war bereits klar, dass der Sieger aus der Partie gegen die TG Neuss im Endspiel um den Turniersieg stehen w\u00fcrde. So entwickelte sich ein tolles Spiel, vielleicht das Beste des gesamten Turniers, wobei die TSV\u00b4er immer mit ein bis zwei Toren in Front lagen. Bestens angef\u00fchrt von Peter, der vorne geschickt die F\u00e4den zog und in der Abwehrmitte die Deckung kontrollierte, stand es beim Abpfiff durch das Kampfgericht 9:8 f\u00fcr die \u201eBlau-Wei\u00dfen\u201c. Zur allgemeinen Verwunderung lie\u00df das Schiedsrichtergespann noch etliche Sekunden weiter spielen und Neuss nutzte die kurze Verwirrung zum Ausgleich. Auf Grund des etwas besseren Torverh\u00e4ltnisses zog die TG Neuss ins Endspiel ein, welches sie mit 14:10 gegen VT Kempen gewannen. Im abschlie\u00dfenden Plazierungsspiel unterlagen die TSV\u00b4er dem TV Haan, der ebenfalls am Torverh\u00e4ltnis gescheitert war, nach gutem Kampf mit 8:10 Toren und belegten der vierten Rang. Obwohl die Spieler entt\u00e4uscht waren, nicht das Endspiel erreicht zu haben, muss man ihnen f\u00fcr eine sehr gute Turnierleistung ein gro\u00dfes Kompliment machen. Die Gesamttreffer erzielten: Jan, Julian (je 10), Vincent (5), Peter (4) und Lukas (3).<\/span><\/p>\n<hr \/>\n<p><span style=\"font-family: verdana,geneva; font-size: small;\"><strong>19.10.11 Tschft. St. T\u00f6nis D1 &#8211; TSV Kaldenkirchen mD1 14:19 (4:5)<\/strong><\/span><\/p>\n<p><span style=\"font-family: verdana,geneva; font-size: small;\">Eine ganze Halbzeit ben\u00f6tigte die D1-Jugend im Wochenspiel bei der Tschft. St. T\u00f6nis um sich auf die Besonderheiten der Begegnung einzustellen. So fiel die 4:3 Pausenf\u00fchrung recht knapp aus. Die Kabinenansprache schien nach dem Wechsel zumindest in Teilen gefruchtet zu haben. Denn jetzt wurde unkompli-ziert agiert und der sichere Abschluss gesucht. Am Ende stand ein sehr ver-dienter 19:14 Erfolg. Die Tore erzielten: Jan (8), Julian, Peter (je 3), Vincent, Lukas (je 2) und Jens.<\/span><\/p>\n<hr \/>\n<p><span style=\"font-family: verdana,geneva; font-size: small;\"><strong>15.10.11\u00a0 TSV Kaldenkirchen mD1 \u2013 TV Aldekerk\u00a0 11:11\u00a0 (8:5)<\/strong><\/span><\/p>\n<p><span style=\"font-family: verdana,geneva; font-size: small;\">In einer intensiv gef\u00fchrten Partie lag die m\u00e4nnliche D1 gegen den Tabellendritten aus Aldekerk bis zur Pause mit 8:5 in Front. Nach dem Wechsel erzielten die TSVer das 9:5 und f\u00fchlten sich vielleicht schon zu sicher. Doch die G\u00e4ste gaben nicht auf, verk\u00fcrzten und gingen zwei Minuten vor dem Ende sogar mit 11:10 in F\u00fchrung. Die \u201eBlau-Wei\u00dfen konnten wieder ausgleichen, und im Gegenzug hielt Till, der ein tolles Spiel machte, einen von insgesamt drei Strafw\u00fcrfen. Doch leider brachte der letzte Angriff nicht mehr den Siegtreffer. Die Tore erzielten: Julian (4), Vincent, Jens, Lars (je 2) und Peter.<\/span><\/p>\n<hr \/>\n<p><span style=\"font-family: verdana,geneva; font-size: small;\"><strong>08.10.11\u00a0 Osterather TV &#8211; TSV Kaldenkirchen mD1\u00a0 10:23\u00a0 (3:10)<\/strong><\/span><\/p>\n<p><span style=\"font-family: verdana,geneva; font-size: small;\">Die D1 kam zu einem ungef\u00e4hrdeten 23:10-Erfolg beim TV Osterath. Zu gro\u00df war die \u00dcberlegenheit der TSVer, die von Beginn an das Geschehen diktierten und ihre F\u00fchrung kontinuierlich ausbauen konnten. Die Tore erzielten: Vincent (9), Jan (5), Jens (4), Lukas (2), Peter, Julian, Luke und Lars.<\/span><\/p>\n<hr \/>\n<p><strong><span style=\"font-family: verdana,geneva; font-size: small;\">01.10.11\u00a0 TSV Kaldenkirchen mD1 \u2013 TV Lobberich\u00a0 14:12\u00a0 (5:6)<\/span><\/strong><\/p>\n<p><span style=\"font-family: verdana,geneva; font-size: small;\">Nach zwei Niederlagen in der Saisonvorbereitung zeigte sich der \u201eGast\u201c aus Lobberich bestens vorbereitet und ging gegen die TSVer mit 4:1 in F\u00fchrung. Nur mit M\u00fche und unter gr\u00f6\u00dfter Anstrengung gelang den \u201eBlau-Wei\u00dfen\u201c zur Pause der 5:6 Anschlusstreffer. Im zweiten Abschnitt wirkte die D1 nun konzentrierter, lag nach kurzer Zeit permanent in F\u00fchrung und zog zwischen der 30. und 35. Minute mit 12:8 in Front. Doch der TVL gab nicht auf und wurde durch Lauritz Weisz (7) beim 13:12 im Spiel gehalten. Ausschlaggebend f\u00fcr den 14:12 Erfolg der TSVer waren Torh\u00fcter Till, Kreisl\u00e4ufer Julian (1), der oft nur durch Fouls zu stoppen war und Vincent (8), der unter anderem die f\u00e4lligen Strafw\u00fcrfe sicher verwandeln konnte. Weitere Tore erzielten: Jens (3), Jan und Peter.<\/span><\/p>\n<hr \/>\n<p><span style=\"font-size: small;\"><strong><span style=\"font-family: verdana,geneva;\">18.09.11\u00a0 VT Kempen &#8211; TSV Kaldenkirchen\u00a019:12\u00a0 (11:5)<\/span><\/strong><\/span><\/p>\n<p><span style=\"font-family: verdana,geneva; font-size: small;\">Beim VT Kempen entwickelte sich ein intensives Handballspiel zwischen dem Gastgeber und der D 1 des TSV. Bis zum 4:4 hatten die \u201eBlau-Wei\u00dfen\u201c leichte Vorteile, wobei Peter das Abwehrzentrum zusammen hielt. Kempen, bis dahin immer am Rande des Zeitspiels, stellte nun die Deckung um, kam zu schnellen Ballgewinnen und einfachen Toren und zog innerhalb weniger Minuten bis zum 11:5 in Front. Die TSVer wollten sich nach dem Wechsel nicht aufgeben und hielten bis zum 19:12 Endstand dagegen. Daran hatte Torh\u00fcter Till mit tollen Paraden seinen Anteil. Die Tore erzielten: Vincent (5), Jan, Lennart (je 2), Jens, Julian und Lars .<\/span><\/p>\n<hr \/>\n<p><span style=\"font-family: verdana,geneva; font-size: small;\"><strong>10.09.2011 <\/strong><strong>TSV Kaldenkirchen\u00a0\u2013 ASV S\u00fcchteln 17:2 (7:0)<\/strong><\/span><\/p>\n<p><span style=\"font-size: small;\"><span style=\"font-family: verdana,geneva;\">Einen sehr guten Start in die erste Kreisliga-Saison legte <\/span><span style=\"font-family: verdana,geneva;\">die m\u00e4nnliche D1 gegen einen allerdings harmlosen ASV S\u00fcchteln hin. Bereits zur <\/span><span style=\"font-family: verdana,geneva;\">Pause f\u00fchrten die \u201eBlau-Wei\u00dfen\u201c deutlich mit 7:0 Toren und legten von Beginn an <\/span><span style=\"font-family: verdana,geneva;\">mit einer beherzten <\/span><span style=\"font-family: verdana,geneva;\">Abwehrleistung den Grundstein zum sp\u00e4teren 17:2 Erfolg. <\/span><span style=\"font-family: verdana,geneva;\">Durch schnelles Verschieben der Deckungsreihe entstanden nur wenige L\u00fccken f\u00fcr <\/span><span style=\"font-family: verdana,geneva;\">die G\u00e4ste und die wenigen M\u00f6glichkeiten machte Till im Tor zunichte. <\/span><span style=\"font-family: verdana,geneva;\">Das die TSVer sich trotzdem aufs Spielen konzentrierten, machten die insgesamt <\/span><span style=\"font-family: verdana,geneva;\">acht sch\u00f6n herausgespielten Tore durch die Kreisl\u00e4ufer deutlich. Der n\u00e4chste <\/span><span style=\"font-family: verdana,geneva;\">Gegner aus Kempen ist garantiert aus anderem Holz geschnitzt. Die Tore <\/span><span style=\"font-family: verdana,geneva;\">erzielten: Vincent (7), Julian (5), Lukas , Jan <\/span><span style=\"font-family: verdana,geneva;\">(je 2) und Jens.<\/span><\/span><\/p>\n<p><span style=\"font-size: x-small;\">\u00a0<\/span><\/p>\n","protected":false},"excerpt":{"rendered":"<p>23.10.11 Jugendturnier des TV Oppum &#8222;Sparkassen-Cup&#8220; Am fr\u00fchen Sonntagmorgen reiste die D1 zum \u201eSparkassen-Cup\u201c des [&hellip;]<\/p>\n","protected":false},"author":5,"featured_media":0,"parent":104,"menu_order":1,"comment_status":"closed","ping_status":"closed","template":"","meta":{"ngg_post_thumbnail":0,"gutenify_custom_css":"","gutenify_custom_css_data":""},"_links":{"self":[{"href":"http:\/\/www.habakaki.de\/wordpress\/wp-json\/wp\/v2\/pages\/1379"}],"collection":[{"href":"http:\/\/www.habakaki.de\/wordpress\/wp-json\/wp\/v2\/pages"}],"about":[{"href":"http:\/\/www.habakaki.de\/wordpress\/wp-json\/wp\/v2\/types\/page"}],"author":[{"embeddable":true,"href":"http:\/\/www.habakaki.de\/wordpress\/wp-json\/wp\/v2\/users\/5"}],"replies":[{"embeddable":true,"href":"http:\/\/www.habakaki.de\/wordpress\/wp-json\/wp\/v2\/comments?post=1379"}],"version-history":[{"count":24,"href":"http:\/\/www.habakaki.de\/wordpress\/wp-json\/wp\/v2\/pages\/1379\/revisions"}],"predecessor-version":[{"id":1394,"href":"http:\/\/www.habakaki.de\/wordpress\/wp-json\/wp\/v2\/pages\/1379\/revisions\/1394"}],"up":[{"embeddable":true,"href":"http:\/\/www.habakaki.de\/wordpress\/wp-json\/wp\/v2\/pages\/104"}],"wp:attachment":[{"href":"http:\/\/www.habakaki.de\/wordpress\/wp-json\/wp\/v2\/media?parent=1379"}],"curies":[{"name":"wp","href":"https:\/\/api.w.org\/{rel}","templated":true}]}}