{"id":1216,"date":"2011-08-11T11:50:42","date_gmt":"2011-08-11T09:50:42","guid":{"rendered":"http:\/\/www.habakaki.de\/wordpress\/?page_id=1216"},"modified":"2011-10-24T13:20:58","modified_gmt":"2011-10-24T11:20:58","slug":"torschutzinnen-madchen-f","status":"publish","type":"page","link":"http:\/\/www.habakaki.de\/wordpress\/mannschaften\/historie\/madchen\/madchen-f\/torschutzinnen-madchen-f","title":{"rendered":"Torsch\u00fctzinnen M\u00e4dchen F"},"content":{"rendered":"<p><em><strong>Torsch\u00fctzenliste M\u00e4dchen F (Stand: 02.08.2011)<br \/><\/strong><\/em><\/p>\n<table border=\"0\" cellspacing=\"0\" cellpadding=\"0\">\n<colgroup>\n<col width=\"36\" \/>\n<col width=\"242\" \/>\n<col width=\"62\" \/>\n<col width=\"68\" \/>\n<col width=\"82\" \/> <\/colgroup>\n<tbody>\n<tr>\n<td width=\"36\" height=\"51\">Nr.<\/td>\n<td width=\"242\">Spieler<\/td>\n<td width=\"62\">Anzahl<br \/> Spiele<\/td>\n<td width=\"68\">Tore<br \/> Gesamt<\/td>\n<td width=\"82\">Tore<br \/> letztes<br \/> Spiel<\/td>\n<\/tr>\n<tr>\n<td height=\"17\">1<\/td>\n<td>\u00a0<\/td>\n<td>\u00a0<\/td>\n<td>\u00a0<\/td>\n<td>\u00a0<\/td>\n<\/tr>\n<tr>\n<td height=\"17\">2<\/td>\n<td>\u00a0<\/td>\n<td>\u00a0<\/td>\n<td>\u00a0<\/td>\n<td>\u00a0<\/td>\n<\/tr>\n<tr>\n<td height=\"17\">3<\/td>\n<td>\u00a0<\/td>\n<td>\u00a0<\/td>\n<td>\u00a0<\/td>\n<td>\u00a0<\/td>\n<\/tr>\n<tr>\n<td height=\"17\">4<\/td>\n<td>\u00a0<\/td>\n<td>\u00a0<\/td>\n<td>\u00a0<\/td>\n<td>\u00a0<\/td>\n<\/tr>\n<tr>\n<td height=\"17\">5<\/td>\n<td>\u00a0<\/td>\n<td>\u00a0<\/td>\n<td>\u00a0<\/td>\n<td>\u00a0<\/td>\n<\/tr>\n<tr>\n<td height=\"17\">6<\/td>\n<td>\u00a0<\/td>\n<td>\u00a0<\/td>\n<td>\u00a0<\/td>\n<td>\u00a0<\/td>\n<\/tr>\n<tr>\n<td height=\"17\">7<\/td>\n<td>\u00a0<\/td>\n<td>\u00a0<\/td>\n<td>\u00a0<\/td>\n<td>\u00a0<\/td>\n<\/tr>\n<tr>\n<td height=\"17\">8<\/td>\n<td>\u00a0<\/td>\n<td>\u00a0<\/td>\n<td>\u00a0<\/td>\n<td>\u00a0<\/td>\n<\/tr>\n<tr>\n<td height=\"17\">9<\/td>\n<td>\u00a0<\/td>\n<td>\u00a0<\/td>\n<td>\u00a0<\/td>\n<td>\u00a0<\/td>\n<\/tr>\n<tr>\n<td height=\"17\">10<\/td>\n<td>\u00a0<\/td>\n<td>\u00a0<\/td>\n<td>\u00a0<\/td>\n<td>\u00a0<\/td>\n<\/tr>\n<tr>\n<td height=\"17\">11<\/td>\n<td>\u00a0<\/td>\n<td>\u00a0<\/td>\n<td>\u00a0<\/td>\n<td>\u00a0<\/td>\n<\/tr>\n<tr>\n<td height=\"17\">12<\/td>\n<td>\u00a0<\/td>\n<td>\u00a0<\/td>\n<td>\u00a0<\/td>\n<td>\u00a0<\/td>\n<\/tr>\n<tr>\n<td height=\"17\">13<\/td>\n<td>\u00a0<\/td>\n<td>\u00a0<\/td>\n<td>\u00a0<\/td>\n<td>\u00a0<\/td>\n<\/tr>\n<tr>\n<td height=\"17\">14<\/td>\n<td>\u00a0<\/td>\n<td>\u00a0<\/td>\n<td>\u00a0<\/td>\n<td>\u00a0<\/td>\n<\/tr>\n<tr>\n<td height=\"17\">15<\/td>\n<td>\u00a0<\/td>\n<td>\u00a0<\/td>\n<td>\u00a0<\/td>\n<td>\u00a0<\/td>\n<\/tr>\n<tr>\n<td height=\"17\">16<\/td>\n<td>\u00a0<\/td>\n<td>\u00a0<\/td>\n<td>\u00a0<\/td>\n<td>\u00a0<\/td>\n<\/tr>\n<tr>\n<td height=\"17\">17<\/td>\n<td>\u00a0<\/td>\n<td>\u00a0<\/td>\n<td>\u00a0<\/td>\n<td>\u00a0<\/td>\n<\/tr>\n<tr>\n<td height=\"17\">18<\/td>\n<td>\u00a0<\/td>\n<td>\u00a0<\/td>\n<td>\u00a0<\/td>\n<td>\u00a0<\/td>\n<\/tr>\n<\/tbody>\n<\/table>\n","protected":false},"excerpt":{"rendered":"<p>Torsch\u00fctzenliste M\u00e4dchen F (Stand: 02.08.2011) Nr. Spieler Anzahl Spiele Tore Gesamt Tore letztes Spiel 1 [&hellip;]<\/p>\n","protected":false},"author":3,"featured_media":0,"parent":121,"menu_order":2,"comment_status":"closed","ping_status":"closed","template":"","meta":{"ngg_post_thumbnail":0,"gutenify_custom_css":"","gutenify_custom_css_data":""},"_links":{"self":[{"href":"http:\/\/www.habakaki.de\/wordpress\/wp-json\/wp\/v2\/pages\/1216"}],"collection":[{"href":"http:\/\/www.habakaki.de\/wordpress\/wp-json\/wp\/v2\/pages"}],"about":[{"href":"http:\/\/www.habakaki.de\/wordpress\/wp-json\/wp\/v2\/types\/page"}],"author":[{"embeddable":true,"href":"http:\/\/www.habakaki.de\/wordpress\/wp-json\/wp\/v2\/users\/3"}],"replies":[{"embeddable":true,"href":"http:\/\/www.habakaki.de\/wordpress\/wp-json\/wp\/v2\/comments?post=1216"}],"version-history":[{"count":2,"href":"http:\/\/www.habakaki.de\/wordpress\/wp-json\/wp\/v2\/pages\/1216\/revisions"}],"predecessor-version":[{"id":1596,"href":"http:\/\/www.habakaki.de\/wordpress\/wp-json\/wp\/v2\/pages\/1216\/revisions\/1596"}],"up":[{"embeddable":true,"href":"http:\/\/www.habakaki.de\/wordpress\/wp-json\/wp\/v2\/pages\/121"}],"wp:attachment":[{"href":"http:\/\/www.habakaki.de\/wordpress\/wp-json\/wp\/v2\/media?parent=1216"}],"curies":[{"name":"wp","href":"https:\/\/api.w.org\/{rel}","templated":true}]}}