{"id":1125,"date":"2011-08-11T10:09:06","date_gmt":"2011-08-11T08:09:06","guid":{"rendered":"http:\/\/www.habakaki.de\/wordpress\/?page_id=1125"},"modified":"2011-10-24T13:17:33","modified_gmt":"2011-10-24T11:17:33","slug":"spielberichte-madchen-d","status":"publish","type":"page","link":"http:\/\/www.habakaki.de\/wordpress\/mannschaften\/historie\/madchen\/madchen-d\/spielberichte-madchen-d","title":{"rendered":"Spielberichte M\u00e4dchen D"},"content":{"rendered":"<p><span style=\"font-family: verdana,geneva; font-size: small;\"><strong>15.10.11\u00a0 HSG Waldniel\/Niederkr\u00fcchten &#8211; TSV Kaldenkirchen wD\u00a0 2:27\u00a0 (1:16)<\/strong><\/span><\/p>\n<p><span style=\"font-family: verdana,geneva; font-size: small;\">Der Erfolgsweg der TSV M\u00e4dchen geht weiter. Gegen Waldniel \/ Niederkr\u00fcchten kamen die M\u00e4dchen zu einem nie gef\u00e4hrdeten 27:2 Sieg. Die Partie war sehr sch\u00f6n anzuschauen, weil alle Kinder in das Spiel einbezogen wurden. Es war eine wundersch\u00f6ne Mannschaftsleistung, in der Yonca B\u00fcschkes ihre ersten Saisontore erzielte. F\u00fcr den TSV spielten: Chiara Rosati (5), Celine Geraedts (9), Laura Jansen (3), Yonca B\u00fcschkes (2), Kim Dzierzawa (3), Fabienne Nietsch (2), Jule M\u00fcnter (3), Sarah Schenatzky, Jana Hinsen, Tinka Neubauer, Jana Besta.<\/span><\/p>\n<hr \/>\n<p><span style=\"font-family: verdana,geneva; font-size: small;\"><strong>09.10.11\u00a0 TSV Kaldenkirchen\u00a0\u2013 TV Lobberich 2\u00a0 25:2\u00a0 (13:0)<\/strong><\/span><\/p>\n<p><span style=\"font-family: verdana,geneva; font-size: small;\">Gegen den TV Lobberich wurde der h\u00f6chste Saisonsieg gefeiert. Schon zur Pause stand es 13:0. In der zweiten Spielh\u00e4lfte wurde viel gewechselt, damit die Spielerinnen auch auf f\u00fcr sie fremde Positionen zum Einsatz kamen. Insgesamt war es ein sehr zufriedenstellender Auftritt der D-M\u00e4dchen. F\u00fcr den TSV spielten: Lea Heinen (Tor), Celine Geraedts (8), Chiara Rosati, Fabienne Nitsch (je 5), Kim Dzierzawa, Jule M\u00fcnter (je 2), Sarah Schenatzky, Laura Jansen, Vanessa Hauser (je 1), Yonca B\u00fcschkes, Jana Hinsen.<\/span><\/p>\n<hr \/>\n<p><strong><span style=\"font-family: verdana,geneva; font-size: small;\">02.10.11\u00a0 SG D\u00fclken D1 &#8211; TSV Kaldenkirchen\u00a03:19 (1:8)<\/span><\/strong><\/p>\n<p><span style=\"font-family: verdana,geneva; font-size: small;\">In den ersten Minuten sah es nicht nach einem so deutlichen Sieg f\u00fcr die weibliche D-Jugend aus. Doch dann agierten die TSV-M\u00e4dchen immer konzentrierter und aggressiver. Am Ende war ein klarer 19:3 Erfolg zu verzeichnen, wobei die mitgereisten Eltern sehr sch\u00f6ne Spielz\u00fcge und Kombinationen sehen konnten. Die M\u00e4dchen spielten miteinander und erzielten so Tor um Tor. Am Spiel beteiligt waren f\u00fcr den TSV: Jule M\u00fcnter (5), Yonca B\u00fcschkes-Ertav, Jana Hinsen, Celine Geraedts (5), Chiara Rosati (4), Tina Neubauer, Vanessa Hauser (2), Kim Dzierzawa, Lea Heinen, Laura Jansen (3), Fabienne Nietsch.<\/span><\/p>\n<hr \/>\n<p><span style=\"font-family: verdana,geneva; font-size: small;\"><strong>25.09.11\u00a0 TSV Kaldenkirchen\u00a0 &#8211; SV Straelen 3\u00a0 23:3\u00a0 (13:0)<\/strong><\/span><\/p>\n<p><span style=\"font-family: verdana,geneva; font-size: small;\">Die TSV M\u00e4dchen kamen zu einem nie gef\u00e4hrdeten und deutlichen 23:3 Sieg. In der zweiten Halbzeit konnte man es sich erlauben, die Stammtorh\u00fcterin Lea Heinen aus dem Tor zu nehmen und auf dem Feld einzusetzen, wo sie sich auch in die Torsch\u00fctzenliste eintragen konnte. Im Laufe des Spiels lie\u00df bei einer deutlichen F\u00fchrung die Konzentration etwas nach, so dass Staelen noch zu Toren kam. Im Angriff lie\u00dfen die TSV-M\u00e4dchen zudem noch einige klare Torchancen aus. F\u00fcr den TSV spielten: Lea Heinen (1), Chiara Rosati (9), Celine Geraedts (4), Vanessa Hauser (3), Laura Jansen (4), Fabienne Nietsch (2), Sarah Schenatzky, Jana Hinsen, Yonca B\u00fcschkes-Ertav, Jule M\u00fcnter, Jana Besta.<\/span><\/p>\n<hr \/>\n<p><span style=\"font-family: verdana,geneva; font-size: small;\"><strong>17.09.11 Turnerschaft Grefrath\u00a0&#8211; TSV Kaldenkirchen\u00a011:13 (6:7)<\/strong><\/span><\/p>\n<p><span style=\"font-family: verdana,geneva; font-size: small;\">Die TSV M\u00e4dchen liefen in Grefrath fast die ganze erste H\u00e4lfte einem ein- oder zwei-Tore R\u00fcckstand hinterher. Erst mit dem Halbzeitpfiff konnte man das Spiel ausgleichen und mit einem 7:6 Vorsprung in die Pause gehen. Die zweite Halbzeit verlief ausgeglichen, jedoch konnte Grefrath nicht mehr in F\u00fchrung gehen. Die TSV-M\u00e4dchen h\u00e4tten fr\u00fcher eine Entscheidung herbeif\u00fchren k\u00f6nnen, h\u00e4tten sie in der Abwehr etwas agessiver zugepackt und ihre Torm\u00f6glichkeiten besser genutzt. F\u00fcr den TSV spielten: Lea Heinen, Sarah Schenatzky, Chiara Rosati (5), Laura Jansen (4), Jana Hinsen, Yonca B\u00fcschkes-Ertav, Celine Geraedts (1), Tinka Neubauer, Kim Dzierzawa, Fabienne Nietsch (1), Jule Muenter, Vanessa Hauser (2).<\/span><\/p>\n","protected":false},"excerpt":{"rendered":"<p>15.10.11\u00a0 HSG Waldniel\/Niederkr\u00fcchten &#8211; TSV Kaldenkirchen wD\u00a0 2:27\u00a0 (1:16) Der Erfolgsweg der TSV M\u00e4dchen geht [&hellip;]<\/p>\n","protected":false},"author":3,"featured_media":0,"parent":117,"menu_order":1,"comment_status":"closed","ping_status":"closed","template":"","meta":{"ngg_post_thumbnail":0,"gutenify_custom_css":"","gutenify_custom_css_data":""},"_links":{"self":[{"href":"http:\/\/www.habakaki.de\/wordpress\/wp-json\/wp\/v2\/pages\/1125"}],"collection":[{"href":"http:\/\/www.habakaki.de\/wordpress\/wp-json\/wp\/v2\/pages"}],"about":[{"href":"http:\/\/www.habakaki.de\/wordpress\/wp-json\/wp\/v2\/types\/page"}],"author":[{"embeddable":true,"href":"http:\/\/www.habakaki.de\/wordpress\/wp-json\/wp\/v2\/users\/3"}],"replies":[{"embeddable":true,"href":"http:\/\/www.habakaki.de\/wordpress\/wp-json\/wp\/v2\/comments?post=1125"}],"version-history":[{"count":12,"href":"http:\/\/www.habakaki.de\/wordpress\/wp-json\/wp\/v2\/pages\/1125\/revisions"}],"predecessor-version":[{"id":1480,"href":"http:\/\/www.habakaki.de\/wordpress\/wp-json\/wp\/v2\/pages\/1125\/revisions\/1480"}],"up":[{"embeddable":true,"href":"http:\/\/www.habakaki.de\/wordpress\/wp-json\/wp\/v2\/pages\/117"}],"wp:attachment":[{"href":"http:\/\/www.habakaki.de\/wordpress\/wp-json\/wp\/v2\/media?parent=1125"}],"curies":[{"name":"wp","href":"https:\/\/api.w.org\/{rel}","templated":true}]}}