{"id":1120,"date":"2011-08-11T10:07:09","date_gmt":"2011-08-11T08:07:09","guid":{"rendered":"http:\/\/www.habakaki.de\/wordpress\/?page_id=1120"},"modified":"2011-10-24T13:24:11","modified_gmt":"2011-10-24T11:24:11","slug":"spielberichte-madchen-b","status":"publish","type":"page","link":"http:\/\/www.habakaki.de\/wordpress\/mannschaften\/historie\/madchen\/madchen-b\/spielberichte-madchen-b","title":{"rendered":"Spielberichte M\u00e4dchen B"},"content":{"rendered":"<p><span style=\"font-family: verdana,geneva; font-size: small;\">\u00a0<\/span><span style=\"font-family: verdana,geneva; font-size: small;\"><strong>16.10.11\u00a0 TSV Kaldenkirchen wB \u2013 TV Burgfried Linn\u00a0 38:8\u00a0 (20:4)<\/strong><\/span><\/p>\n<p><span style=\"font-family: verdana,geneva; font-size: small;\">Eine letzte Aufw\u00e4rmrunde f\u00fcr die weibliche B-Jugend vor den entscheidenden Partien gegen Straelen und St. T\u00f6nis. Auch Linn konnte den TSVerinnen\u00a0 nicht das Wasser reichen. Schnell war die Partie entschieden, wieder konnten sich viele Spielerinnen als Torsch\u00fctzen auszeichnen und einen ungef\u00e4hrdeten 38:8 Erfolg einfahren. Im Vordergrund stand das Einstudieren von gruppentaktischen Angriffsma\u00dfnahmen. Nun wird sich zeigen, ob man auch gegen gleichstarke Gegner bestehen kann. Es spielten: Nicole Hoiboom (Tor), Luisa Engels, Marie F\u00e4rvers (je 7), Lisa Thieme (6), Nora Hoppmanns (5), Marina Gisbertz (4), Elisabeth Panus (3), Simona Thommessen, Janine Mora (je 2), Hannah Otz, Eva Heyer (je 1), Alisha Seewald.<\/span><\/p>\n<hr \/>\n<p><span style=\"font-family: verdana,geneva; font-size: small;\"><strong>01.10.11\u00a0 Osterather TV &#8211; TSV Kaldenkirchen wB\u00a0 10:38 (4:18)<\/strong><\/span><\/p>\n<p><span style=\"font-family: verdana,geneva; font-size: small;\">Auch ersatzgeschw\u00e4cht war der Gegner aus Osterath f\u00fcr die weibliche B-Jugend keine gro\u00dfe H\u00fcrde. Eva Heyer hatte sich bereit erkl\u00e4rt, im Tor auszuhelfen und machte ihre Sache dort sehr gut. Nora Hoppmanns spielte erstmalig bei den TSVerinnen mit und war sofort dreifach erfolgreich. Alle Spielerinnen konnten bei dem 38:10 Kantersieg Tore erzielen. Es spielten: Eva Heyer (Tor, 1), Lisa Thieme (13), Luisa Engels (7), Marie F\u00e4rvers, Marina Gisbertz, Simona Thommessen, Hannah Ortz, Nora Hoppmanns (je 3), Alisha Seewald (2).<\/span><\/p>\n<hr \/>\n<p><span style=\"font-family: verdana,geneva; font-size: small;\"><strong>24.09.11\u00a0 TSV Kaldenkirchen\u00a0 \u2013 TV Jahn Bockum 31:4 (13:3)<\/strong><\/span><\/p>\n<p><span style=\"font-family: verdana,geneva; font-size: small;\">Keine Herausforderung stellte der TV Jahn Bockum f\u00fcr die weibliche B-Jugend dar. Zu deutlich war die \u00dcberlegenheit in allen Belangen. Leider kommt in solchen Situationen kein sch\u00f6nes Spiel zustande. Erfreulich war auf Seiten des TSV bei dem 31:4 Erfolg, dass Alisha Seewald ihren ersten Treffer verbuchen konnte und sich auch sonst fast alle am Torreigen beteiligten. Es spielten: Nicole Hoiboom (Tor), Lisa Thieme (7), Elisabeth Panus, Luisa Engels, Marie F\u00e4rvers (je 4), Eva Heyer Marina Gisbertz (je 3), Simona Thommessen, Hannah Ortz (je 2), Janine Mora, Alisha Seewald (je 1), Julia Gro\u00df.<\/span><\/p>\n<hr \/>\n<p><span style=\"font-family: verdana,geneva; font-size: small;\"><strong>18.09.11\u00a0 HSG Waldniel\/Niederkr\u00fcchten &#8211; TSV Kaldenkirchen 5:25 (1:14)<\/strong><\/span><\/p>\n<p><span style=\"font-family: verdana,geneva; font-size: small;\">Ohne Komplikationen wurde von der weiblichen B-Jugend auch die zweite Aufgabe gegen Waldniel gel\u00f6st. Die TSVerinnen waren in allen Belangen \u00fcberlegen und spielten ihren \u201eStiefel\u201c locker runter. Im Vordergrund stand das \u00dcben der Spieler\u00f6ffnung, was oftmals gut funktionierte. Bereits zur Pause hatte Waldniel keine Chance mehr. Durch das muntere Wechseln konnte die HSG zu Beginn der zweiten H\u00e4lfte noch einmal verk\u00fcrzen, am Ende spiegelt der 25:5 Erfolg aber den deutlichen Leistungsunterschied wider. Es spielten: Nicole Hoiboom (Tor), Simona Thommessen (7), Lisa Thieme (5), Marie F\u00e4rvers (3), Janine Mora, Marina Gisbertz, Luisa Engels, Eva Heyer (je 2) Elisabeth Panus, Hannah Ortz\u00a0 (je 1), Alisha Seewald.<\/span><\/p>\n<hr \/>\n<p><span style=\"font-family: verdana,geneva; font-size: small;\"><strong>10.09.11\u00a0 TSV Kaldenkirchen\u00a0\u2013 Tschft. Grefrath\u00a0 18:10 (10:5)<\/strong>\u00a0<\/span><\/p>\n<p><span style=\"font-family: verdana,geneva; font-size: small;\">Einen gelungenen Start in die Kreisliga-Saison konnte die weibliche B-Jugend des TSV feiern. Gegen Grefrath fuhr man einen ungef\u00e4hrdeten 18:10 Erfolg ein. Scheiterte man noch in der Qualifikationsrunde am Gegner, so zeigten die TSV-M\u00e4dels jetzt\u00a0 ihre deutliche spielerische \u00dcberlegenheit. \u00dcber 4:0 und 7:1 waren die positiven Vorzeichen schnell gesetzt, Grefrath kam nur\u00a0 noch einmal auf vier Tore heran (10:6). Der Sieg h\u00e4tte auch leicht h\u00f6her ausfallen k\u00f6nnen, h\u00e4tten die TSverinnen nicht noch\u00a0 mehrere beste Einwurfchancen ausgelassen. Die geschlossene Mannschaftsleistung zeigt sich an der Torsch\u00fctzenliste, wo sich\u00a0 erfreulicherweise fast alle Spielerinnen eintragen konnten. Es spielten: Nicole Hoiboom (Tor), Janine Mora (4), Lisa Thieme (3), Luisa Engels, Marie F\u00e4rvers, Marina Gisbertz, Elisabeth Panus (je 2), Simona Thommessen, Eva Heyer, Hannah Ortz (je 1), Alisha Seewald, Julia Gro\u00df.<\/span><\/p>\n","protected":false},"excerpt":{"rendered":"<p>\u00a016.10.11\u00a0 TSV Kaldenkirchen wB \u2013 TV Burgfried Linn\u00a0 38:8\u00a0 (20:4) Eine letzte Aufw\u00e4rmrunde f\u00fcr die [&hellip;]<\/p>\n","protected":false},"author":3,"featured_media":0,"parent":113,"menu_order":1,"comment_status":"closed","ping_status":"closed","template":"","meta":{"ngg_post_thumbnail":0,"gutenify_custom_css":"","gutenify_custom_css_data":""},"_links":{"self":[{"href":"http:\/\/www.habakaki.de\/wordpress\/wp-json\/wp\/v2\/pages\/1120"}],"collection":[{"href":"http:\/\/www.habakaki.de\/wordpress\/wp-json\/wp\/v2\/pages"}],"about":[{"href":"http:\/\/www.habakaki.de\/wordpress\/wp-json\/wp\/v2\/types\/page"}],"author":[{"embeddable":true,"href":"http:\/\/www.habakaki.de\/wordpress\/wp-json\/wp\/v2\/users\/3"}],"replies":[{"embeddable":true,"href":"http:\/\/www.habakaki.de\/wordpress\/wp-json\/wp\/v2\/comments?post=1120"}],"version-history":[{"count":19,"href":"http:\/\/www.habakaki.de\/wordpress\/wp-json\/wp\/v2\/pages\/1120\/revisions"}],"predecessor-version":[{"id":1371,"href":"http:\/\/www.habakaki.de\/wordpress\/wp-json\/wp\/v2\/pages\/1120\/revisions\/1371"}],"up":[{"embeddable":true,"href":"http:\/\/www.habakaki.de\/wordpress\/wp-json\/wp\/v2\/pages\/113"}],"wp:attachment":[{"href":"http:\/\/www.habakaki.de\/wordpress\/wp-json\/wp\/v2\/media?parent=1120"}],"curies":[{"name":"wp","href":"https:\/\/api.w.org\/{rel}","templated":true}]}}