{"id":1118,"date":"2011-08-11T10:06:36","date_gmt":"2011-08-11T08:06:36","guid":{"rendered":"http:\/\/www.habakaki.de\/wordpress\/?page_id=1118"},"modified":"2011-10-24T12:46:01","modified_gmt":"2011-10-24T10:46:01","slug":"spielberichte-jungen-e","status":"publish","type":"page","link":"http:\/\/www.habakaki.de\/wordpress\/mannschaften\/historie\/jungen\/jungen-e\/spielberichte-jungen-e","title":{"rendered":"Spielberichte Jungen E"},"content":{"rendered":"<p><strong><span style=\"font-family: verdana,geneva; font-size: small;\">15.10.11\u00a0 TSV Kaldenkirchen mE \u2013 Tschft. Grefrath\u00a0 12:9\u00a0 (7:5)<\/span><\/strong><\/p>\n<p><span style=\"font-family: verdana,geneva; font-size: small;\">Die zahlreichen Zuschauer an der Grenzwaldstra\u00dfe bekamen ein packendes und enges Spiel zwischen dem TSV und Grefrath zu sehen. Wie der Tabellenstand vermuten lie\u00df, trafen zwei gleich starke Mannschaften aufeinander. Den besseren Start erwischte zun\u00e4chst die TSVer, schnell ging man in F\u00fchrung. Doch der Gast hielt dagegen und nutzte die eher zaghaften Abwehrbem\u00fchungen des TSV, um zu einfachen Toren zu kommen. Grefrath konnte den R\u00fcckstand in eine knappe F\u00fchrung umdrehen. Nach einer Auszeit lie\u00dfen die Blau-Wei\u00dfen hinten nur noch wenig zu, mit 7:5 F\u00fchrung ging es in die Pause. Die F\u00fchrung wurde in der zweiten H\u00e4lfte nicht mehr abgegeben. Vorne spielte man geduldig, bis sich Torchancen ergaben. Besonders erfreulich war, dass wieder alle TSV-Spieler den Torabschluss suchten. Der gute G\u00e4ste-Keeper konnte zwar viele Chancen der TSV-Jungs vereiteln, dennoch ging man verdient mit 12:9 als Sieger vom Platz. F\u00fcr den TSV spielten Jonas Reinecke (3), Jost Biermann (2), Alexander Domeier (2), Noah Kilders (2), David Steenmann (2), Julian Sanders (1), Jannik Albrecht, Jos Evers und Robin Mora.<\/span><\/p>\n<hr \/>\n<p><strong><span style=\"font-family: verdana,geneva; font-size: small;\">08.10.2011 H\u00fclser SV \u2013 TSV Kaldenkirchen\u00a0 7:13 (5:8)<\/span><\/strong><\/p>\n<p><span style=\"font-family: verdana,geneva; font-size: small;\">Ohne die verhinderten David Steenmann und Noah Kilders reisten die Blau-Wei\u00dfen zum H\u00fclser SV. Von der ersten Minute an zeigten die TSV-Jungs eine engagierte Leistung. Jedoch vernachl\u00e4ssigte man zu Beginn ein wenig die Abwehrarbeit, so dass H\u00fcls oft frei vor Jos Evers -der in der ersten Halbzeit das Tor h\u00fctete- auftauchte. Im Angriff hingegen spielte der TSV seine technische \u00dcberlegenheit aus, so dass man verdient mit 8:5 in die Pause ging. In der zweiten Halbzeit steigerten sich die Blau-Wei\u00dfen in der Abwehr erheblich, und Julian Sanders musste nur noch zwei Gegentreffer hinnehmen. Im Angriff wurde weiterhin von allen Spielern jede sich bietende Chance zum Torwurf genutzt. Pech hatte Maurice Toelke, der sich nach einem verwandelten Siebenmeter bereits \u00fcber sein erstes Saisontor freute, doch der Treffer wurde leider nicht anerkannt. Die TSVer bauten ihren Vorsprung auf sechs Tore aus. Diese F\u00fchrung lie\u00df man sich bis zum Schlusspfiff nicht mehr nehmen und man verlie\u00df mit 13:7 verdient als Sieger die Halle. F\u00fcr den TSV spielten Jost Biermann (3), Alexander Domeier (3), Julian Sanders (3), Robin Mora (2), Jonas Reinicke (1), Jos Evers (1), Jannik Albrecht, Dominik K\u00fcppers und Maurice T\u00f6lke.<\/span><\/p>\n<hr \/>\n<p><span style=\"font-size: small;\"><strong><span style=\"font-family: verdana,geneva;\">24.09.11\u00a0 SV Straelen &#8211; TSV Kaldenkirchen\u00a0 20:7\u00a0 (8:4)<\/span><\/strong><\/span><\/p>\n<p><span style=\"font-size: small;\"><span style=\"font-family: verdana,geneva;\">Nur eine Halbzeit konnte der TSV mit den bisher ungeschlagenen Straelenern mithalten. Die Blau-Wei\u00dfen zeigten wieder viele gute Ans\u00e4tze, waren aber vor dem Tor zu unkonzentriert und lie\u00dfen die besten Torm\u00f6glichkeiten ungenutzt. So f\u00fchrte der SV Straelen mit 8:4 Toren zur Halbzeit. Auch wenn man sich in der Pause f\u00fcr die zweite H\u00e4lfte viel vorgenommen hatte, konnte man nicht verhindern, dass der SV Straelen seinen Vorsprung kontinuierlich ausbaute. Die Blau-Wei\u00dfen lie\u00dfen den Gegner nun zu oft ungehindert zum Torerfolg kommen, w\u00e4hrend man selber weiterhin beste M\u00f6glichkeiten ungenutzt lie\u00df. Am Ende verlor der TSV mit 20:7 und musste ohne Punkte die Heimreise antreten. F\u00fcr den TSV trafen Jost Biermann (4), Jonas Reinecke (2) und Julian Sanders.<\/span><span style=\"font-family: verdana,geneva;\"><br \/><\/span><\/span><\/p>\n<hr \/>\n<p><span style=\"font-size: small;\"><strong><span style=\"font-family: verdana,geneva;\">17.09.11\u00a0 TSV Kaldenkirchen\u00a0\u2013 TV Anrath\u00a0 10:16\u00a0 (5:10)<\/span><\/strong><\/span><\/p>\n<p><span style=\"font-family: verdana,geneva; font-size: small;\">Im zweiten Saisonspiel gegen den TV Anrath gingen die E-Jungen von Beginn an engagiert, aber zun\u00e4chst auch etwas zu nerv\u00f6s zu Werke. In der ersten Halbzeit waren zu viele einfache Ballverluste daf\u00fcr verantwortlich, dass Anrath zu vielen einfachen Toren kam und mit 10:5 in die Pause ging. Danach spielten die TSVer konzentrierter und einige sehenswerte Ballstafetten f\u00fchrten auch zu Toren. Die Halbzeit war absolut ausgeglichen und der TSV bekam auch die beiden besten Werfer des TV Anrath immer besser in den Griff. Der R\u00fcckstand konnte zwischenzeitlich bis auf drei Tore verk\u00fcrzt werden. Am Ende nutzte aber der Gegner die sich bietenden Torchancen konsequenter, so dass die Partie mit 10:16 verloren ging. Die Leistung der TSVer gibt aber Anlass zur Hoffnung, dass der erste Sieg nicht mehr lange auf sich warten l\u00e4sst. Seinen Einstand f\u00fcr den TSV feierte Julian Sanders, der bereits im ersten Spiel zeigte, dass er ein wichtiger Teil der Mannschaft werden kann. Die Tore f\u00fcr den TSV warfen Jost Biermann (4), Jonas Reinecke (4), Robin Mora (1) und David Steenmann (1).<\/span><\/p>\n<hr \/>\n<p><span style=\"font-family: verdana,geneva; font-size: small;\">\u00a0<strong>10.09.2011 TV Vorst E2 &#8211; TSV Kaldenkirchen\u00a019:1 (10:1)<\/strong><\/span><\/p>\n<p><span style=\"font-family: verdana,geneva; font-size: small;\">Sicherlich um einige Tore zu hoch fiel der Sieg des TV Vorst \u00fcber die E-Jgd des TSV aus. 19:1 hie\u00df es am Ende nach einer 10:1 Halbzeitf\u00fchrung f\u00fcr den TV Vorst. Auch wenn der Sieg der Vorster verdient war und das Ergebnis sehr deutlich ausfiel, spielten die TSVer einen ansehnlichen Handball, k\u00e4mpften bis zum Ende und erspielten sich auch zahlreiche Torchancen. Das es aber nur zu einem Tor f\u00fcr den TSV reichte, hatten die Vorster ihrem \u00fcberragenden Torh\u00fcter zu verdanken, der sogar 5 Siebenmeter und zahlreiche freie W\u00fcrfe vom Kreis parieren konnte. Sicherlich kam dem TV Vorst auch zu Gute, dass der E-Jugend w\u00e4hrend der Sommerferien 2x pro Woche eine Halle zum Training zur Verf\u00fcgung stand, w\u00e4hrend der TSV vor dem ersten Spiel nur einmal in der Halle trainieren konnte. Das von den zahlreich mitgreisten Eltern vielumjubelte Tor f\u00fcr den TSV erzielte Jonas Reinecke.<\/span><\/p>\n","protected":false},"excerpt":{"rendered":"<p>15.10.11\u00a0 TSV Kaldenkirchen mE \u2013 Tschft. Grefrath\u00a0 12:9\u00a0 (7:5) Die zahlreichen Zuschauer an der Grenzwaldstra\u00dfe [&hellip;]<\/p>\n","protected":false},"author":3,"featured_media":0,"parent":106,"menu_order":1,"comment_status":"closed","ping_status":"closed","template":"","meta":{"ngg_post_thumbnail":0,"gutenify_custom_css":"","gutenify_custom_css_data":""},"_links":{"self":[{"href":"http:\/\/www.habakaki.de\/wordpress\/wp-json\/wp\/v2\/pages\/1118"}],"collection":[{"href":"http:\/\/www.habakaki.de\/wordpress\/wp-json\/wp\/v2\/pages"}],"about":[{"href":"http:\/\/www.habakaki.de\/wordpress\/wp-json\/wp\/v2\/types\/page"}],"author":[{"embeddable":true,"href":"http:\/\/www.habakaki.de\/wordpress\/wp-json\/wp\/v2\/users\/3"}],"replies":[{"embeddable":true,"href":"http:\/\/www.habakaki.de\/wordpress\/wp-json\/wp\/v2\/comments?post=1118"}],"version-history":[{"count":13,"href":"http:\/\/www.habakaki.de\/wordpress\/wp-json\/wp\/v2\/pages\/1118\/revisions"}],"predecessor-version":[{"id":1471,"href":"http:\/\/www.habakaki.de\/wordpress\/wp-json\/wp\/v2\/pages\/1118\/revisions\/1471"}],"up":[{"embeddable":true,"href":"http:\/\/www.habakaki.de\/wordpress\/wp-json\/wp\/v2\/pages\/106"}],"wp:attachment":[{"href":"http:\/\/www.habakaki.de\/wordpress\/wp-json\/wp\/v2\/media?parent=1118"}],"curies":[{"name":"wp","href":"https:\/\/api.w.org\/{rel}","templated":true}]}}