{"id":1116,"date":"2011-08-11T10:04:57","date_gmt":"2011-08-11T08:04:57","guid":{"rendered":"http:\/\/www.habakaki.de\/wordpress\/?page_id=1116"},"modified":"2011-10-24T12:44:52","modified_gmt":"2011-10-24T10:44:52","slug":"spielberichte-jungen-d2","status":"publish","type":"page","link":"http:\/\/www.habakaki.de\/wordpress\/mannschaften\/historie\/jungen\/jungen-d-2\/spielberichte-jungen-d2","title":{"rendered":"Spielberichte Jungen D2"},"content":{"rendered":"<p><span style=\"font-family: verdana,geneva; font-size: small;\"><strong>15.10.11\u00a0 TV Lobberich 2 &#8211; TSV Kaldenkirchen mD2\u00a0 14:16\u00a0 (3:6)<\/strong><\/span><\/p>\n<p><span style=\"font-family: verdana,geneva; font-size: small;\">Im Nachbarschaftsduell der beiden D2-Mannschaften war aus Kaldenkirchener Sicht das Beste, dass Felix Mach im Tor nur drei Treffer kassierte und zur Pause ein drei Tore Vorsprung heraussprang. Im zweiten Abschnitt nutzte der TV Lobberich seine k\u00f6rperliche \u00dcberlegenheit und ging in F\u00fchrung. Beim Stande von 13:12 brachte dann eine offensive Deckung und die gro\u00dfe k\u00e4mpferische Einstellung dem TSV Ballgewinne und vier Tore in Folge, die das Spiel entschieden. F\u00fcr den TSV trafen: Nils Coenen (5), Marc Ebus (4), Mathis Coenen (3\/1), Yannick Pielen uns Chabketh Changaralingam (je 2).<\/span><\/p>\n<hr \/>\n<p><span style=\"font-family: verdana,geneva; font-size: small;\"><strong>08.10.11\u00a0 TSV Kaldenkirchen mD2 \u2013 SV Straelen\u00a0 23:14\u00a0 (11:6)<\/strong><\/span><\/p>\n<p><span style=\"font-family: verdana,geneva; font-size: small;\">Gegen das Tabellenschlusslicht aus Straelen probierten die Trainer einige Spieler auf ungewohnten Positionen. Der 3:4 R\u00fcckstand resultierte jedoch aus dem unkonzentrierten Auftreten der TSVer. Nach einer Auszeit lief es dann auch besser, und beim nie gef\u00e4hrdeten zweiten Saisonsieg konnten sich neun Spieler in die Torsch\u00fctzenliste eintragen: Mathis Coenen (5\/1), Noel Schirm und Nils Coenen (je 4), Yannick Pielen (3), Patrick Nitsch und Timo Stephany (je 2), Leon Martinelli, Chanketh Changaralingam und Marc Ebus (je 1).<\/span><\/p>\n<hr \/>\n<p><strong><span style=\"font-family: verdana,geneva; font-size: small;\">01.10.11\u00a0 TV Anrath &#8211; TSV Kaldenkirchen mD2\u00a0 8:15\u00a0 (4:6)<\/span><\/strong><\/p>\n<p><span style=\"font-family: verdana,geneva; font-size: small;\">Nach einer ausgeglichenen ersten H\u00e4lfte, in der sich Nils Coenen (6\/1) und Marc Ebus (5) die Tore teilten, hatte die m\u00e4nnliche D2 des TSV in der Pause gut zugeh\u00f6rt. Denn nach dem 5:6-Anschluss der Anrather wurden in der engagierten offensiven Deckung Fehler der Gastgeber provoziert. Was dann noch durchkam, hielt Felix Mach und nach vorne wurde schnell und erfolgreich gespielt. So entschied ein 7:0-Lauf das Spiel und der erste Sieg war unter Dach und Fach. F\u00fcr den TSV trafen weiter: Shankeeth Changaralingam, Noel Schirm, Leon Martinelli und Yannick Pielen (je 1).<\/span><\/p>\n<hr \/>\n<p><span style=\"font-size: small;\"><strong><span style=\"font-family: verdana,geneva;\">24.09.11\u00a0 TSV Kaldenkirchen \u2013 Tschft. Grefrath\u00a0 15:15\u00a0 (9:10)<\/span><\/strong><\/span><\/p>\n<p><span style=\"font-family: verdana,geneva; font-size: small;\">Gegen die teilweise fast zwei Jahre \u00e4lteren und k\u00f6rperlich stark \u00fcberlegenen G\u00e4ste war die m\u00e4nnliche D2 anfangs chancenlos (4:7). Doch konnte mit spielerischen Mitteln der R\u00fcckstand zur Pause fast ausgeglichen werden. In der zweiten H\u00e4lfte k\u00e4mpften sich die TSVer in der Abwehr ins Spiel, jedoch f\u00fchrte Grefrath drei Minuten vor Schluss mit 15:12. Die Blauwei\u00dfen gaben dann noch mal ihr Allerletztes und holten einen verdienten Punkt. F\u00fcr den TSV spielten: Felix Mach (Tor), Nils Coenen (4), Mathis Coenen (4), Shankeeth Changaralingam (3\/1), Noel Schirm (2), Marc Ebus (2), Patrick Nitsch, Leon Martinelli, Tim Riedling, Timo Stephani, Yannik Pielen und Felix Dohmen.<\/span><\/p>\n","protected":false},"excerpt":{"rendered":"<p>15.10.11\u00a0 TV Lobberich 2 &#8211; TSV Kaldenkirchen mD2\u00a0 14:16\u00a0 (3:6) Im Nachbarschaftsduell der beiden D2-Mannschaften [&hellip;]<\/p>\n","protected":false},"author":3,"featured_media":0,"parent":217,"menu_order":1,"comment_status":"closed","ping_status":"closed","template":"","meta":{"ngg_post_thumbnail":0,"gutenify_custom_css":"","gutenify_custom_css_data":""},"_links":{"self":[{"href":"http:\/\/www.habakaki.de\/wordpress\/wp-json\/wp\/v2\/pages\/1116"}],"collection":[{"href":"http:\/\/www.habakaki.de\/wordpress\/wp-json\/wp\/v2\/pages"}],"about":[{"href":"http:\/\/www.habakaki.de\/wordpress\/wp-json\/wp\/v2\/types\/page"}],"author":[{"embeddable":true,"href":"http:\/\/www.habakaki.de\/wordpress\/wp-json\/wp\/v2\/users\/3"}],"replies":[{"embeddable":true,"href":"http:\/\/www.habakaki.de\/wordpress\/wp-json\/wp\/v2\/comments?post=1116"}],"version-history":[{"count":8,"href":"http:\/\/www.habakaki.de\/wordpress\/wp-json\/wp\/v2\/pages\/1116\/revisions"}],"predecessor-version":[{"id":1732,"href":"http:\/\/www.habakaki.de\/wordpress\/wp-json\/wp\/v2\/pages\/1116\/revisions\/1732"}],"up":[{"embeddable":true,"href":"http:\/\/www.habakaki.de\/wordpress\/wp-json\/wp\/v2\/pages\/217"}],"wp:attachment":[{"href":"http:\/\/www.habakaki.de\/wordpress\/wp-json\/wp\/v2\/media?parent=1116"}],"curies":[{"name":"wp","href":"https:\/\/api.w.org\/{rel}","templated":true}]}}