{"id":1108,"date":"2011-08-11T09:58:18","date_gmt":"2011-08-11T07:58:18","guid":{"rendered":"http:\/\/www.habakaki.de\/wordpress\/?page_id=1108"},"modified":"2013-06-07T11:51:03","modified_gmt":"2013-06-07T09:51:03","slug":"spielberichte-1-damen","status":"publish","type":"page","link":"http:\/\/www.habakaki.de\/wordpress\/mannschaften\/historie\/spielberichte-1-damen","title":{"rendered":"&#8211; Spielberichte 1. Damen"},"content":{"rendered":"<p><strong><span style=\"font-family: verdana,geneva; font-size: small;\">16.10.11\u00a0 SC Waldniel &#8211; TSV Kaldenkirchen\u00a0 16:19 (8:5)<\/span><\/strong><\/p>\n<p><span style=\"font-family: verdana,geneva; font-size: small;\">Ein Sieg in Waldniel liegt f\u00fcr die TSVerinnen schon lange zur\u00fcck. So sah es auch jetzt in der ersten H\u00e4lfte wenig verhei\u00dfungsvoll f\u00fcr die Beier-Sieben aus. Viele Fehler und ausgelassene Chancen bestimmten das TSV-Spiel. Waldniel kam wesentlich besser in die Partie, scheiterte aber h\u00e4ufig an der guten Anke Dimmer im TSV-Kasten. So blieb der R\u00fcckstand zur Pause mit 8:5 ertr\u00e4glich. Im zweiten Durchgang pr\u00e4sentierten sich die TSVerinnen dann wesentlich konzentrierter. Die gute Abwehrarbeit raubte dem SC den Angriffsschwung und so \u00fcbernahm Kaldenkirchen beim 10:9 erstmalig die F\u00fchrung, um diese fortan nicht mehr herzugeben. Vorne hatte man jetzt die Schwachstellen in der SC-Abwehr erkannt und nutzte diese immer wieder geschickt. F\u00e4llige Strafw\u00fcrfe wurden von Birthe Jan\u00dfen (7) nervenstark verwandelt. Insgesamt siegte am Ende die gr\u00f6\u00dfere Routine, beim Stande von 17:12 war das Spiel in der 52. Minute zu Gunsten des TSV entschieden. Mit der anschlie\u00dfenden offenen Deckung konnte der SCW keine Wende mehr herbeif\u00fchren. Weiter spielten: Tine Vos, Kathrin Brunen (je 3), Anke Pollozek, Jasmin Gerhardts (je 2), Helena v. Horrick, Maren Klingen (je 1), Saskia Pietralla, Anke Saulenas, Claudia Pelmter, Tessa Petsche.<\/span><\/p>\n<hr \/>\n<p><strong><span style=\"font-family: verdana,geneva; font-size: small;\">08.10.11\u00a0 TSV Kaldenkirchen \u2013 TV Korschenbroich\u00a0 26:21 (13:11)<\/span><\/strong><\/p>\n<p><span style=\"font-family: verdana,geneva; font-size: small;\">Im dritten Saisonspiel gegen Korschenbroich haben die TSVerinnen endlich auch wieder das Torewerfen entdeckt. Der TVK scheint den TSVerinnen gut zu liegen, da auch im letzten Jahr beide Partien gewonnen werden konnten. Bis zur 45. Minute war das Spiel jedoch recht ausgeglichen, der TSV f\u00fchrte stets knapp mit ein oder zwei Treffern und konnte sich abermals auf eine stabile Abwehr mit einer gewohnt guten Anke Dimmer im Tor verlassen. Im Angriff hatte vor allen Anke Saulenas einen \u00fcberragenden Tag erwischt, sie traf fast nach Belieben. So konnte man sich im Schlussviertel allm\u00e4hlich absetzen und schlie\u00dflich sicher mit 26:21 gewinnen. Trainer Beier zeigte sich angetan von der engagierten Leistung seiner Mannschaft und freut sich nun auf das Derby gegen den SC Waldniel. Es spielten: Anke Dimmer (Tor), Anke Saulenas (9), Birthe Jan\u00dfen (4), Tine Vos, Jasmin Gerhardts (je 3), Helena v. Horrick, Saskia Pietralla (je 2), Eva Jan\u00dfen, Anke Pollozek, Claudia Pelmter (je 1), Kathrin Brunen, Tessa Petsche, Maren Klingen.<\/span><\/p>\n<hr \/>\n<p><span style=\"font-family: verdana,geneva; font-size: small;\"><strong>01.10.11\u00a0 Tschft. St. T\u00f6nis &#8211; TSV Kaldenkirchen 21:17<\/strong><\/span><\/p>\n<p><span style=\"font-family: verdana,geneva; font-size: small;\">Bereits im zweiten Spiel hat es die TSVerinnen erwischt. St. T\u00f6nis konnte in der Vorwoche bereits etwas \u00fcberraschend den SC Waldniel schlagen. Die Partie verlief eigentlich w\u00e4hrend der gesamten Zeit ausgeglichenen. Auf beiden Seiten \u00fcberzeugten vor allen die Torh\u00fcter, die so manche Torchance zunichte machten. Ausschlaggebend f\u00fcr die Niederlage war auf Seiten des TSV sicherlich die mangelnde Torausbeute. 17 Treffer sind zu wenig, zudem wurden neun \u201e100-prozentige\u201c ausgelassen. Damit hatte St. T\u00f6nis am Ende leichtes Spiel. Es spielten: Anke Dimmer (Tor), Helena v. Horrick (4), Kathrin Brunen, Birthe Jan\u00dfen (je 3), Tessa Petsche, Eva Jan\u00dfen (je 2), Saskia Pietralla, Jasmin Gerhardts, Maren Klingen (je 1), Anke Pollozek, Anke Saulenas.<\/span><\/p>\n<hr \/>\n<p><span style=\"font-family: verdana,geneva; font-size: small;\"><strong>24.09.11\u00a0 TSV Kaldenkirchen \u2013 DJK Adler K\u00f6nigshof\u00a0 14:12 (7:5)<\/strong><\/span><\/p>\n<p><span style=\"font-family: verdana,geneva; font-size: small;\">Einen eher holprigen Saisonstart erwischten die Frauen gegen den Aufsteiger aus K\u00f6nigshof. So lief vor allem im Angriff nicht viel zusammen und eine Vielzahl von technischen Fehlern hielten den Gegner stets im Spiel. K\u00f6nigshof dahingegen erwies sich durchaus als ligatauglich und spielte frisch auf. Mit zunehmender Spieldauer trat jedoch auf Seiten des TSV Torh\u00fcterin Anke Dimmer \u00fcberragend in den Vordergrund. An ihr verzweifelten die G\u00e4ste f\u00f6rmlich. Trotz der chancenm\u00e4\u00dfigen \u00dcberlegenheit gelang K\u00f6nigshof zwischen der 22. und 40. Minute kein Treffer. Da aber auch von den TSVerinnen nicht viel kam, blieb das Spiel offen. Am Ende setzte sich die gr\u00f6\u00dfere Routine auf Seiten des TSV durch und man konnte mit dem 14:12 die ersten Punkte auf der Habenseite verbuchen. Es spielten: Anke Dimmer (Tor), Kathrin Brunen (3), Anke Saulenas, Jasmin Gerhardts, Christine Vos, Tessa Petsche (je 2), Claudia Pelmter, Eva Jan\u00dfen, Saskia Pietralla (je 1), Helena v. Horrick, Birthe Jan\u00dfen, Maren Klingen.<\/span><\/p>\n","protected":false},"excerpt":{"rendered":"<p>16.10.11\u00a0 SC Waldniel &#8211; TSV Kaldenkirchen\u00a0 16:19 (8:5) Ein Sieg in Waldniel liegt f\u00fcr die [&hellip;]<\/p>\n","protected":false},"author":3,"featured_media":0,"parent":2643,"menu_order":12,"comment_status":"closed","ping_status":"closed","template":"","meta":{"ngg_post_thumbnail":0,"gutenify_custom_css":"","gutenify_custom_css_data":""},"_links":{"self":[{"href":"http:\/\/www.habakaki.de\/wordpress\/wp-json\/wp\/v2\/pages\/1108"}],"collection":[{"href":"http:\/\/www.habakaki.de\/wordpress\/wp-json\/wp\/v2\/pages"}],"about":[{"href":"http:\/\/www.habakaki.de\/wordpress\/wp-json\/wp\/v2\/types\/page"}],"author":[{"embeddable":true,"href":"http:\/\/www.habakaki.de\/wordpress\/wp-json\/wp\/v2\/users\/3"}],"replies":[{"embeddable":true,"href":"http:\/\/www.habakaki.de\/wordpress\/wp-json\/wp\/v2\/comments?post=1108"}],"version-history":[{"count":9,"href":"http:\/\/www.habakaki.de\/wordpress\/wp-json\/wp\/v2\/pages\/1108\/revisions"}],"predecessor-version":[{"id":2828,"href":"http:\/\/www.habakaki.de\/wordpress\/wp-json\/wp\/v2\/pages\/1108\/revisions\/2828"}],"up":[{"embeddable":true,"href":"http:\/\/www.habakaki.de\/wordpress\/wp-json\/wp\/v2\/pages\/2643"}],"wp:attachment":[{"href":"http:\/\/www.habakaki.de\/wordpress\/wp-json\/wp\/v2\/media?parent=1108"}],"curies":[{"name":"wp","href":"https:\/\/api.w.org\/{rel}","templated":true}]}}