{"id":1069,"date":"2011-08-11T09:46:05","date_gmt":"2011-08-11T07:46:05","guid":{"rendered":"http:\/\/www.habakaki.de\/wordpress\/?page_id=1069"},"modified":"2011-10-24T12:40:22","modified_gmt":"2011-10-24T10:40:22","slug":"spielberichte-jungen-b","status":"publish","type":"page","link":"http:\/\/www.habakaki.de\/wordpress\/mannschaften\/historie\/jungen\/jungen-b\/spielberichte-jungen-b","title":{"rendered":"Spielberichte Jungen B"},"content":{"rendered":"<p><span style=\"font-family: verdana,geneva; font-size: small;\"><strong>15.10.11\u00a0 TSV Kaldenkirchen mB \u2013 TV Oppum\u00a0 35:31\u00a0 (19:20)<\/strong><\/span><\/p>\n<p><span style=\"font-family: verdana,geneva; font-size: small;\">In einem hart umk\u00e4mpften Spiel gegen den TV Oppum konnte sich die m\u00e4nnliche B-Jugend erst in der zweiten Halbzeit entscheidend absetzen. Zun\u00e4chst bot sich ein durchweg knappes Spiel mit vielen Toren, zur Pause stand es 19:20. In der zweiten Halbzeit nahm die Intensit\u00e4t des Spieles zu. Nach mehreren Zeitstrafen f\u00fcr den Gegner konnte sich der TSV mit sechs Toren zum 32:26 absetzen und die Partie vorentscheiden. F\u00fcr den TSV spielten: Kai Wittke und Steffen Hartstock (Tor), Kevin Barbee (11), Steffen Coenen (10), Christoph M\u00f6nicks (5), Frederik Rosati (3), Milan Langheinrich, Bj\u00f6rn Geraedts (je 2) Felix Optendrenk, Nicklas Kn\u00e4pper (je 1), Luca Terhaag und Kai Ebus.<\/span><\/p>\n<hr \/>\n<p><span style=\"font-family: verdana,geneva; font-size: small;\"><strong><strong>09.10.11\u00a0 TV Schiefbahn &#8211; TSV Kaldenkirchen mB\u00a0 14:32\u00a0 (8:19)<\/strong><\/strong><\/span><\/p>\n<p><span style=\"font-family: verdana,geneva; font-size: small;\">Einen deutlichen Sieg fuhr der TSV beim TV Schiefbahn ein. Die Deckungsleistung war dabei \u00fcber die gesamte Spielzeit sehr gut. Viele Torchancen konnte Torwart Steffen Hartstock mit einer soliden Leistung verhindern. Im Angriff spielte man gekonnt seine \u00dcberlegenheit aus und lie\u00df daher zu keinem Zeitpunkt an einem deutlichen Sieg zweifeln. F\u00fcr den TSV spielten: Kai Wittke, Jonas Klingen und Steffen Hartstock (Tor), Kevin Barbee (9), Milan Langheinrich, Steffen Coenen (je 5), Frederik Rosati (4), Christoph M\u00f6nicks, Noel Marx (je 3), Niklas Kn\u00e4pper (2), Luca Terhaag (1), Kai Ebus und Bj\u00f6rn Geraedts.<\/span><\/p>\n<hr \/>\n<p><span style=\"font-family: verdana,geneva;\"><strong><span style=\"font-size: small;\">01.10.11\u00a0 TSV Kaldenkirchen mB \u2013 TV Lobberich B2\u00a0 38:27\u00a0 (16:8)<\/span><\/strong><\/span><\/p>\n<p><span style=\"font-family: verdana,geneva; font-size: small;\">Nachdem der TSV die ersten beiden Aufgaben der Saison erfolgreich gel\u00f6st hatte, traf die Mannschaft heute auf die zweite B-Jugend des TV Lobberich. Weil die \u201eBlauen\u201c bis zum Spielstand von 9:8 zu viele klare Chancen auslie\u00dfen, konnten sie \u00a0sich nicht vom Gegner absetzen. Dann schaltete der TSV die Deckungsvariante von der defensiven 6:0 auf die offensivere 4:2 Variante um. Dadurch erzielte er mehr Ballgewinne, die durch schnelle Gegenst\u00f6\u00dfe direkt zu Toren verwandelt wurden. Dank der guten Leistung von Kai Wittke konnte ein weiteres Gegentor in der ersten Halbzeit vermieden und der deutliche Halbzeitstand von 16:8 erreicht werden. In der zweiten H\u00e4lfte des Spiels lie\u00df die Defensivleistung der \u201eBlauen\u201c nach, wodurch die Lobbericher zu mehr Torchancen kamen. Wegen der vielen Gegentore konnte der TSV die F\u00fchrung kaum ausbauen und gewann das Spiel trotzdem souver\u00e4n mit 38:27. F\u00fcr den TSV spielten: Kai Wittke und Jonas Klingen (Tor), Steffen Coenen, Noel Marx, Kevin Barbee (je 7), Kai Ebus, Steffen Hartstock (je 4), Milan Langheinrich, Luca Terhaag (je 3), Christoph M\u00f6nicks (2), Frederik Rosati (1), Nicklas Kn\u00e4pper und Bj\u00f6rn Gerhardts.<\/span><\/p>\n<p><span style=\"font-family: verdana,geneva; font-size: x-small;\">(Steffen Hartstock)<\/span><\/p>\n<hr \/>\n<p><strong><\/strong><span style=\"font-family: verdana,geneva; font-size: small;\"><strong>24.09.11\u00a0 TV Boisheim B1 &#8211; TSV Kaldenkirchen mB 17:43 (5:21)<\/strong><\/span><\/p>\n<hr \/>\n<p><span style=\"font-family: verdana,geneva; font-size: small;\"><strong>17.09.11\u00a0 TSV Kaldenkirchen\u00a0&#8211; ASV S\u00fcchteln 32:20 (14:9)<\/strong><\/span><\/p>\n","protected":false},"excerpt":{"rendered":"<p>15.10.11\u00a0 TSV Kaldenkirchen mB \u2013 TV Oppum\u00a0 35:31\u00a0 (19:20) In einem hart umk\u00e4mpften Spiel gegen [&hellip;]<\/p>\n","protected":false},"author":3,"featured_media":0,"parent":96,"menu_order":1,"comment_status":"closed","ping_status":"closed","template":"","meta":{"ngg_post_thumbnail":0,"gutenify_custom_css":"","gutenify_custom_css_data":""},"_links":{"self":[{"href":"http:\/\/www.habakaki.de\/wordpress\/wp-json\/wp\/v2\/pages\/1069"}],"collection":[{"href":"http:\/\/www.habakaki.de\/wordpress\/wp-json\/wp\/v2\/pages"}],"about":[{"href":"http:\/\/www.habakaki.de\/wordpress\/wp-json\/wp\/v2\/types\/page"}],"author":[{"embeddable":true,"href":"http:\/\/www.habakaki.de\/wordpress\/wp-json\/wp\/v2\/users\/3"}],"replies":[{"embeddable":true,"href":"http:\/\/www.habakaki.de\/wordpress\/wp-json\/wp\/v2\/comments?post=1069"}],"version-history":[{"count":8,"href":"http:\/\/www.habakaki.de\/wordpress\/wp-json\/wp\/v2\/pages\/1069\/revisions"}],"predecessor-version":[{"id":1476,"href":"http:\/\/www.habakaki.de\/wordpress\/wp-json\/wp\/v2\/pages\/1069\/revisions\/1476"}],"up":[{"embeddable":true,"href":"http:\/\/www.habakaki.de\/wordpress\/wp-json\/wp\/v2\/pages\/96"}],"wp:attachment":[{"href":"http:\/\/www.habakaki.de\/wordpress\/wp-json\/wp\/v2\/media?parent=1069"}],"curies":[{"name":"wp","href":"https:\/\/api.w.org\/{rel}","templated":true}]}}