{"id":1060,"date":"2011-08-11T09:38:27","date_gmt":"2011-08-11T07:38:27","guid":{"rendered":"http:\/\/www.habakaki.de\/wordpress\/?page_id=1060"},"modified":"2013-06-07T11:50:12","modified_gmt":"2013-06-07T09:50:12","slug":"spielberichte-3-herren","status":"publish","type":"page","link":"http:\/\/www.habakaki.de\/wordpress\/mannschaften\/historie\/spielberichte-3-herren","title":{"rendered":"&#8211; Spielberichte 3. Herren"},"content":{"rendered":"<p><span style=\"font-family: verdana,geneva; font-size: small;\"><strong>15.10.2011 TSV Kaldenkirchen III \u2013 SC Waldniel III\u00a0 18:17 (7:9)<\/strong><\/span><\/p>\n<p><span style=\"font-family: verdana,geneva; font-size: small;\">Die Dritte startete ordentlich in die Partie gegen den SC Waldniel. Auch wenn man im R\u00fcckraum verletzungsbedingt oder aus beruflichen Gr\u00fcnden auf einige Spieler verzichten musste, schaffte der TSV es zun\u00e4chst, die Waldnieler Deckung \u00fcber die Au\u00dfenpositionen und den Kreis zu knacken. Man lag 6:3 in Front, als der Gast die erste Auszeit nahm. Die Waldnieler standen danach besser in der Deckung und dem TSV unterliefen nun zahlreiche technische Fehler, so dass der Gast Tor um Tor aufholte und bis zur Pause sogar einen zwei-Tore-Vorsprung heraus warf. Alle guten Vors\u00e4tze der TSVer f\u00fcr die zweite H\u00e4lfte nutzten zun\u00e4chst nichts. Technische Fehler und ungenutzte Chancen bestimmten das Spiel. Waldniel konnte seinen Vorsprung auf 16:12 ausbauen und sah Minuten vor dem Ende wie der sichere Sieger aus. Der TSV stellte noch einmal die Deckung um und die Waldnieler bekamen jetzt Probleme. Der R\u00fcckstand wurde aufgeholt, in den letzten Sekunden war es dann Marco Neuhoff, der mit zwei blitzsauberen Toren von Rechtsau\u00dfen f\u00fcr den 18:17 Erfolg sorgte. Besonders positiv zu erw\u00e4hnen ist noch Thomas Heyer aus der A-Jugend, der sich kurzfristig zur Verf\u00fcgung stellte und bei der Dritten im R\u00fcckraum aushalf. F\u00fcr den TSV trafen Maric (8), Neuhoff (3), Huetter (2), Kolodziej (2), Verhoeven (2) und Heyer (1).<\/span><\/p>\n<hr \/>\n<p><span style=\"font-family: verdana,geneva; font-size: small;\"><strong>09.10.2011 Turnklub Krefeld IV \u2013 TSV Kaldenkirchen III 21:33 (9:20)<\/strong><\/span><\/p>\n<p><span style=\"font-family: verdana,geneva; font-size: small;\">Bereits nach 30 Minuten war die Partie zwischen dem TK Krefeld und dem TSV entschieden. Zur Pause f\u00fchrte die Dritte bereits uneinholbar mit 20:9 Toren. Von Beginn an nutze der TSV die sich bietenden Konterchancen konsequent und zeigte in den ersten 30 Minuten die bisher wohl beste Saisonleistung in der Offensive. Im Gef\u00fchl des sicheren Sieges lie\u00df man dann in der zweiten Halbzeit die Z\u00fcgel schleifen. Viele technische Fehler f\u00fchrten zu einfachen Toren der Krefelder. Auch in der Deckung griff man nicht mehr energisch genug ein. J\u00f6rg Facklam im Tor verhinderte mit zahlreichen sehenswerten Paraden ein weiteres Aufholen der Gastgeber. Dennoch war \u00fcber die gesamte Spielzeit klar, dass der TSV die Halle als Sieger verlassen w\u00fcrde. Man gewann das Spiel dann auch in der H\u00f6he verdient mit 33:21 Toren. F\u00fcr den TSV trafen Maric (11), Albrecht (10), Bolten (4), Kolodziej (4), H\u00fctter (3), Neuhoff (1).<\/span><\/p>\n<hr \/>\n<p><strong><span style=\"font-family: verdana,geneva; font-size: small;\">01.10.2011 TSV Kaldenkirchen III \u2013 DJK St. Hubert II 20:20 (9:13)<\/span><\/strong><\/p>\n<p><span style=\"font-family: verdana,geneva; font-size: small;\">Auch im zweiten Saisonspiel musste die Dritte etliche Ausf\u00e4lle verkraften, so dass man nur mit einem Ersatzspieler in die Partie ging. Die ersten Spielminuten geh\u00f6rten dann auch dem Gegner, der die zahlreichen Unsicherheiten im TSV-Angriff mit Gegentoren bestrafte. Schnell f\u00fchrte St. Hubert mit 9:3 Toren. Bis zur Halbzeit konnten die Blau-Wei\u00dfen den R\u00fcckstand auf 9:13 noch etwas verk\u00fcrzen. In der zweiten Halbzeit ging die Dritte dann wesentlich konzentrierter zu Werke. Die nun tiefstehende Deckung stellte den Gast immer h\u00e4ufiger vor Probleme. Auch Torh\u00fcter Ronny Voigt gl\u00e4nzte mit zahlreichen Paraden. Der TSV konnte bis auf ein Tor verk\u00fcrzen, aber der Ausgleich wollte zun\u00e4chst nicht gelingen. Als 30 Sekunden vor Ende dem Gegner ein Siebenmeter zugesprochen wurde, schien die Partie entschieden. Doch St. Hubert nutzte diese Chance nicht, und Sekunden vor Schluss reagierte dann Zoran Maric am schnellsten, nahm einen Abpraller am Kreis auf und verwandelte zum 20:20 Ausgleich. Aufgrund der tollen k\u00e4mpferischen Leistung der TSVer in der zweiten Halbzeit war das Remis hoch verdient. F\u00fcr den TSV trafen Maric (6), Kolodziej (4), Huetter (4\/3), Bolten (3), Bartholomei (2) und Albrecht (1).<\/span><\/p>\n<hr \/>\n<p><span style=\"font-size: small;\"><strong><span style=\"font-family: verdana,geneva;\">25.09.2011 TV Jahn Bockum II \u2013 TSV Kaldenkirchen III 26:13 (16:5)<\/span><\/strong><\/span><\/p>\n<p><span style=\"font-family: verdana,geneva; font-size: small;\">Stark ersatzgeschw\u00e4cht musste die \u201eDritte\u201c zum Saisonauftakt beim TV Jahn Bockum antreten. Zu Spielbeginn bekam man gerade einmal 7 Spieler auf die Platte, wobei Torh\u00fcter Ronny Voigt sogar im Feld aushelfen musste. Schnell war klar, dass man so an diesem Tag bei den starken Bockumern keine wirkliche Chance hatte. Diese nutzten die Startschwierigkeiten der Blau-Wei\u00dfen mit Tempospiel gnadenlos aus und konnten bereits in den ersten Minuten einen deutlichen Vorsprung herauswerfen. Bockum f\u00fchrte bereits mit 8:0 Toren, bevor dem TSV der erste Treffer gelang. Zur Halbzeit lag man bereits aussichtslos mit 16:5 Toren zur\u00fcck. Zur 2. Halbzeit verst\u00e4rkten dann Mannfred Aarts und Zoran Maric die Dritte, so dass man nun auch die Chance hatte einmal auszuwechseln. Trotz des aussichtslosen R\u00fcckstands gab der TSV nicht auf und versuchte den R\u00fcckstand noch einmal zu verk\u00fcrzen. Mit Maric am Kreis war die Dritte nun auch im Angriff wesentlich gef\u00e4hrlicher. Leider lie\u00df man viele Chancen, darunter auch drei 7m ungenutzt, so dass man sich am Ende mit 26:13 geschlagen geben musste.F\u00fcr den TSV trafen Albrecht (4), Huetter (3), Maric (3), Voigt (2) und Aarts.\u00a0<\/span><\/p>\n","protected":false},"excerpt":{"rendered":"<p>15.10.2011 TSV Kaldenkirchen III \u2013 SC Waldniel III\u00a0 18:17 (7:9) Die Dritte startete ordentlich in [&hellip;]<\/p>\n","protected":false},"author":3,"featured_media":0,"parent":2643,"menu_order":8,"comment_status":"closed","ping_status":"closed","template":"","meta":{"ngg_post_thumbnail":0,"gutenify_custom_css":"","gutenify_custom_css_data":""},"_links":{"self":[{"href":"http:\/\/www.habakaki.de\/wordpress\/wp-json\/wp\/v2\/pages\/1060"}],"collection":[{"href":"http:\/\/www.habakaki.de\/wordpress\/wp-json\/wp\/v2\/pages"}],"about":[{"href":"http:\/\/www.habakaki.de\/wordpress\/wp-json\/wp\/v2\/types\/page"}],"author":[{"embeddable":true,"href":"http:\/\/www.habakaki.de\/wordpress\/wp-json\/wp\/v2\/users\/3"}],"replies":[{"embeddable":true,"href":"http:\/\/www.habakaki.de\/wordpress\/wp-json\/wp\/v2\/comments?post=1060"}],"version-history":[{"count":9,"href":"http:\/\/www.habakaki.de\/wordpress\/wp-json\/wp\/v2\/pages\/1060\/revisions"}],"predecessor-version":[{"id":2821,"href":"http:\/\/www.habakaki.de\/wordpress\/wp-json\/wp\/v2\/pages\/1060\/revisions\/2821"}],"up":[{"embeddable":true,"href":"http:\/\/www.habakaki.de\/wordpress\/wp-json\/wp\/v2\/pages\/2643"}],"wp:attachment":[{"href":"http:\/\/www.habakaki.de\/wordpress\/wp-json\/wp\/v2\/media?parent=1060"}],"curies":[{"name":"wp","href":"https:\/\/api.w.org\/{rel}","templated":true}]}}